{"id":96,"date":"2019-03-12T14:43:53","date_gmt":"2019-03-12T13:43:53","guid":{"rendered":"https:\/\/taichi-inpact.fr\/?page_id=96"},"modified":"2019-08-19T04:46:22","modified_gmt":"2019-08-19T02:46:22","slug":"linpact","status":"publish","type":"page","link":"https:\/\/taichi-inpact.fr\/index.php\/linpact\/","title":{"rendered":"L&rsquo;inpact"},"content":{"rendered":"\r\n<h3 class=\"wp-block-heading\" id=\"voc\"><span style=\"color: #0000ff;\">L&rsquo;INPACT en quelques mots &#8230;<\/span><\/h3>\r\n\r\n\r\n\r\n<p>L&rsquo;INstitut de Pratique des Arts Chinois Traditionnels a \u00e9t\u00e9 cr\u00e9\u00e9 en 1983.<\/p>\r\n\r\n\r\n\r\n<p>C&rsquo;est une association dont la vocation est de favoriser l&rsquo;\u00e9tude, la pratique et la transmission des Arts martiaux et \u00e9nerg\u00e9tiques d&rsquo;origine chinoise et extr\u00eame-orientale avec leurs aspects historiques, philosophiques et initiatiques, ainsi que les Arts, techniques et m\u00e9thodes occidentales y puisant leurs sources.<\/p>\r\n\r\n\r\n\r\n<p>L&rsquo;\u00e9tude de ces arts se d\u00e9roule dans le cadre d&rsquo;activit\u00e9s r\u00e9guli\u00e8res : cours et ateliers de d\u00e9couverte et de perfectionnement dispens\u00e9s par niveau d&rsquo;apprentissage ; stages annuels et recherches culturelles autour de conf\u00e9rences, de s\u00e9ances vid\u00e9o et d&rsquo;une biblioth\u00e8que.<\/p>\r\n\r\n\r\n\r\n<p><strong>Les disciplines enseign\u00e9es sont :<\/strong><\/p>\r\n\r\n\r\n\r\n<p>Le taichi chuan (taiji quan)et le <a href=\"https:\/\/taichi-inpact.fr\/index.php\/les-activited\/tui-shou\/\">tui shou<\/a>&nbsp;de l&rsquo;\u00e9cole&nbsp;<a href=\"https:\/\/taichi-inpact.fr\/index.php\/presentation\/yangjia-michuan\/\">Yangjia Michuan taijiQuan<\/a>&nbsp;de&nbsp;<a href=\"https:\/\/taichi-inpact.fr\/index.php\/presentation\/linpact\/\">Ma\u00eetre Wang Yen-Nien<\/a><\/p>\r\n<p>Le&nbsp;<a href=\"http:\/\/inpact-taiji.com\/evolution\/publicNeiGong.php\">Nei Gong<\/a> : techniques de respiration et de m\u00e9ditation tao\u00efste<\/p>\r\n<p>Les armes et attributs du Taiji Quan : l&rsquo;<a href=\"http:\/\/inpact-taiji.com\/evolution\/publicEpee.php\">\u00c9p\u00e9e<\/a>, l&rsquo;<a href=\"http:\/\/inpact-taiji.com\/evolution\/publicEventail.php\">\u00c9ventail<\/a>&nbsp;;<\/p>\r\n<p>Certaines techniques chinoises de sant\u00e9 et de massage (tuina)<\/p>\r\n\r\n\r\n\r\n<h2 class=\"wp-block-heading\">L&rsquo;environnement de l&rsquo;INPACT<\/h2>\r\n\r\n\r\n\r\n<p>Nous nous inscrivons en acteurs et collaborateurs dans la mise en place de structures nationales et internationales concernant notre \u00e9cole ainsi que dans l&rsquo;organisation du tai chi chuan au plan national (FAEMC). Nous avons \u00e9galement d&rsquo;excellents contacts amicaux avec les Etats Unis et Ta\u00efwan. Ces structures sont :<\/p>\r\n\r\n\r\n\r\n<p><strong><em>Pour ce qui concerne le Taiji quan en g\u00e9n\u00e9ral :<\/em><\/strong><\/p>\r\n\r\n\r\n\r\n<div class=\"wp-block-image\">\r\n<figure class=\"alignleft\"><img loading=\"lazy\" decoding=\"async\" width=\"100\" height=\"101\" class=\"wp-image-138\" src=\"https:\/\/taichi-inpact.fr\/wp-content\/uploads\/2019\/03\/logoftcc.gif\" alt=\"\"><\/figure>\r\n<\/div>\r\n\r\n\r\n\r\n<p><a href=\"http:\/\/www.ffwushu.fr\/\">La F\u00e9d\u00e9ration des arts \u00e9nerg\u00e9tiques et martiaux chinois<\/a> FAEMC. Cr\u00e9\u00e9e en novembre 1989, elle regroupe l&rsquo;ensemble des styles et \u00e9coles de tai chi chuan en France. Cette f\u00e9d\u00e9ration est indispensable \u00e0 la reconnaissance du tai chi chuan par les pouvoirs publics par rapport aux arts martiaux externes et Japonais qui en revendiquent la tutelle (autorisation d&rsquo;ouvrir des cours, dipl\u00f4mes d&rsquo;enseignement, existence officielle&#8230;) Nous en faisons partie en tant que membre fondateur.Les enseignants de l&rsquo;INPACT sont titulaires des dipl\u00f4mes d&rsquo;\u00e9tat requis&nbsp; pour l&rsquo;enseignement de nos disciplines .<\/p>\r\n\r\n\r\n\r\n<div class=\"wp-block-image\">\r\n<figure class=\"alignleft\"><img loading=\"lazy\" decoding=\"async\" width=\"156\" height=\"126\" class=\"wp-image-146\" src=\"https:\/\/taichi-inpact.fr\/wp-content\/uploads\/2019\/03\/logotcfe.gif\" alt=\"\"><\/figure>\r\n<\/div>\r\n\r\n\r\n\r\n<p><a href=\"http:\/\/www.tcfe.org\/\">La F\u00e9d\u00e9ration europ\u00e9enne de Taichichuan (TCFE)<\/a>&nbsp;r\u00e9unit plus de vingt pays. L&rsquo;Inpact a contribu\u00e9 \u00e0 sa cr\u00e9ation, et a re\u00e7u au CREPS de Strasbourg le premier congr\u00e8s europ\u00e9en de taiji organis\u00e9 \u00e0 Strasbourg en 1996.<\/p>\r\n\r\n\r\n\r\n<p><strong><em>Pour ce qui concerne notre \u00e9cole :<\/em><\/strong><\/p>\r\n\r\n\r\n\r\n\r\n\r\n<div class=\"wp-block-image\">\r\n<figure class=\"alignleft\"><img loading=\"lazy\" decoding=\"async\" width=\"100\" height=\"100\" class=\"wp-image-147\" src=\"https:\/\/taichi-inpact.fr\/wp-content\/uploads\/2019\/03\/logoyangia.gif\" alt=\"\"><\/figure>\r\n<\/div>\r\n\r\n\r\n\r\n<p><a href=\"http:\/\/taijiquan.free.fr\/\">L&rsquo;Amicale du Yangjia Michuan Taiji Quan&nbsp;<\/a>cr\u00e9\u00e9e en octobre 1989 \u00e0 l&rsquo;initiative des associations europ\u00e9ennes de notre \u00e9cole. Sa vocation est de coordonner les \u00e9v\u00e9nements communs, d&rsquo;informer gr\u00e2ce \u00e0 un bulletin \u00e9dit\u00e9 r\u00e9guli\u00e8rement. Chaque ann\u00e9e, autour du 11 novembre, l&rsquo;Amicale organise, dans le cadre d&rsquo;un Week-end prolong\u00e9, une rencontre de travail regroupant tous les enseignants et les \u00e9tudiants de notre \u00e9cole (les \u00ab\u00a0rencontres de l&rsquo;Amicale\u00a0\u00bb). Cette manifestation rencontre chaque fois un grand succ\u00e8s.<br>Le Coll\u00e8ge Europ\u00e9en des Enseignants du Yangjia Michuan Taiji quan a \u00e9t\u00e9 fond\u00e9 par&nbsp;<a href=\"http:\/\/inpact-taiji.com\/evolution\/publicMaitreWang.php\">Ma\u00eetre Wang Yen-Nien<\/a> \u00e0 Cluny en juillet 1989. Il regroupe les enseignants europ\u00e9ens de notre \u00e9cole qui se retrouvent deux fois l&rsquo;an pour \u00e9changer dans une perspective de recherche technique et d\u00e9ontologique commune.<\/p>\r\n\r\n\r\n\r\n<h3 class=\"wp-block-heading\" id=\"chris\">Christian Bernapel parle de l&rsquo;INPACT:&nbsp;<\/h3>\r\n\r\n\r\n\r\n<p>L&rsquo;INPACT est le r\u00e9sultat d&rsquo;un \u00e9quilibre d&rsquo;\u00e9nergies, qui r\u00e9side dans la diversit\u00e9 et la richesse de ses membres.<\/p>\r\n\r\n\r\n\r\n<p>\u00c0 l&rsquo;INPACT, il ne s&rsquo;agit pas de consommer une technique de sant\u00e9, un art martial ou de d\u00e9couvrir les recettes de la f\u00e9licit\u00e9, mais surtout de comprendre que le progr\u00e8s trouve son sens dans l&rsquo;\u00e9tude et le travail personnel. l&rsquo;INPACT est aussi la maison de chacun. Sa richesse est le reflet de ce que chacun peut y apporter.<\/p>\r\n\r\n\r\n\r\n<p>L&rsquo;INPACT a vu le jour autour d&rsquo;une discipline merveilleuse qui nous a \u00e9t\u00e9 transmise par nos amis chinois: le Taiji quan. Pourquoi merveilleuse? Parce que le Taiji quan est un art de rondeur et de tranquillit\u00e9. Peut \u00eatre aussi parce que le Taiji quan est un art d&rsquo;\u00eatre et de vie et qu&rsquo;il nous permet ainsi d&rsquo;aller au del\u00e0 d&rsquo;une simple discipline physique. Cela n&rsquo;\u00f4te en rien la valeur de notre culture occidentale qui a par ailleurs ses vertus que les orientaux nous envient. Mais le progr\u00e8s de notre devenir n&rsquo;est il pas dans la fusion des cultures dans ce qu&rsquo;elles ont de meilleur? Le taiji quan est un outil, un instrument noble qui nous aide \u00e0 la d\u00e9couverte de nous m\u00eame, jusqu&rsquo;au plus profond de nos cellules et de notre rapport \u00e0 l&rsquo;existence. Ainsi, il d\u00e9passe les fronti\u00e8res que nous pouvons construire artificiellement entre les cultures extr\u00e8mes orientales et occidentales. Il fait partie des arts qui ont une dimension universelle car il touche le corps autant que l&rsquo;esprit.<\/p>\r\n\r\n\r\n\r\n<p>L&rsquo;INPACT se veut une \u00e9cole d&rsquo;\u00e9veil \u00e0 ces disciplines qui laisse une enti\u00e8re libert\u00e9 \u00e0 ses \u00e9tudiants et cr\u00e9e simplement les conditions d&rsquo;\u00e9coute dans lesquelles ceux-ci vont d\u00e9couvrir et se familiariser avec les principes qui pr\u00e9sident aux gestes simples et harmonieux du taiji quan, des exercices de sant\u00e9 et des exercices martiaux qui apportent le sens. L&rsquo;apprentissage de la forme n&rsquo;a jamais d&rsquo;aboutissement. En effet, la qu\u00e8te vers le sensible n&rsquo;a pas d&rsquo;objectif, de finalit\u00e9, de fronti\u00e8re. Ici, pas de course \u00e0 l&rsquo;\u00e9ph\u00e9m\u00e8re, mais simplement une recherche de bien-\u00eatre, d&rsquo;une relation juste \u00e0 soi m\u00eame, aux autres et au sacr\u00e9.<\/p>\r\n\r\n\r\n\r\n<p>Nous vivons cela tr\u00e8s simplement \u00e0 travers l&rsquo;apprentissage, puis la r\u00e9p\u00e9tition de gestes remplis de sens, une respiration naturelle, l&rsquo;\u00e9veil conscient de nos sens, l&rsquo;apaisement de nos pens\u00e9es qui ouvre la voie de l&rsquo;ouverture de l&rsquo;esprit. Chacun s&rsquo;approprie ces d\u00e9couvertes, merveilleuses de simplicit\u00e9, dans le quotidien qui lui est personnel.<\/p>\r\n\r\n\r\n\r\n<p>Mais l&rsquo;INPACT, c&rsquo;est aussi une solidarit\u00e9 de coeur et d&rsquo;amiti\u00e9. Les liens tiss\u00e9s entre chacun s&rsquo;expriment \u00e0 travers le tissus des affinit\u00e9s. Il n&rsquo;y a pas de hi\u00e9rarchie, d&rsquo;uniforme, de ceinture dans la pratique du taiji quan. Simplement, des \u00e9tudiants et un enseignant qui est un guide, le temps du cours. Enseignant, qui reste lui m\u00eame un \u00e9ternel \u00e9tudiant, car dans les \u00e9changes entre enseignant et \u00e9tudiant l&rsquo;on ne sait pas toujours o\u00f9 se situe le ma\u00eetre et l&rsquo;\u00e9l\u00e8ve.<\/p>\r\n\r\n\r\n\r\n<h3 class=\"wp-block-heading\" id=\"drag\">Qui est le dragon de l&rsquo;INPACT ?<\/h3>\r\n\r\n\r\n\r\n<div class=\"wp-block-image\">\r\n<figure class=\"aligncenter\"><img loading=\"lazy\" decoding=\"async\" width=\"250\" height=\"256\" class=\"wp-image-149\" src=\"https:\/\/taichi-inpact.fr\/wp-content\/uploads\/2019\/03\/dragontransp.gif\" alt=\"\"><\/figure>\r\n<\/div>\r\n\r\n\r\n\r\n<p>Le dragon est le masque du singe malicieux et bienveillant, h\u00e9ros du \u00ab\u00a0voyage en Occident\u00a0\u00bb roman Chinois c\u00e9l\u00e8bre : le \u00ab\u00a0SI YEOU KI\u00a0\u00bb.<br><br><span style=\"color: #800080;\">Envie de prendre des <a style=\"color: #800080;\" href=\"https:\/\/taichi-inpact.fr\/index.php\/cours\/\">cours de tai chi<\/a>&nbsp;? <a style=\"color: #800080;\" href=\"https:\/\/taichi-inpact.fr\/index.php\/contact\/\">Rejoignez-nous<\/a> !<\/span><\/p>\r\n","protected":false},"excerpt":{"rendered":"<p>L&rsquo;INPACT en quelques mots &#8230; L&rsquo;INstitut de Pratique des Arts Chinois Traditionnels a \u00e9t\u00e9 cr\u00e9\u00e9 en 1983. C&rsquo;est une association dont la vocation est de favoriser l&rsquo;\u00e9tude, la pratique et la transmission des Arts martiaux et \u00e9nerg\u00e9tiques d&rsquo;origine chinoise et extr\u00eame-orientale avec leurs aspects historiques, philosophiques et initiatiques, ainsi que les Arts, techniques et m\u00e9thodes &hellip; <a href=\"https:\/\/taichi-inpact.fr\/index.php\/linpact\/\" class=\"more-link\">Continuer la lecture de <span class=\"screen-reader-text\">L&rsquo;inpact<\/span><\/a><\/p>\n","protected":false},"author":1,"featured_media":0,"parent":0,"menu_order":0,"comment_status":"open","ping_status":"closed","template":"","meta":{"_seopress_robots_primary_cat":"","_seopress_titles_title":"","_seopress_titles_desc":"","_seopress_robots_index":"","_exactmetrics_skip_tracking":false,"_exactmetrics_sitenote_active":false,"_exactmetrics_sitenote_note":"","_exactmetrics_sitenote_category":0,"ngg_post_thumbnail":0,"footnotes":""},"class_list":["post-96","page","type-page","status-publish","hentry"],"_links":{"self":[{"href":"https:\/\/taichi-inpact.fr\/index.php\/wp-json\/wp\/v2\/pages\/96","targetHints":{"allow":["GET"]}}],"collection":[{"href":"https:\/\/taichi-inpact.fr\/index.php\/wp-json\/wp\/v2\/pages"}],"about":[{"href":"https:\/\/taichi-inpact.fr\/index.php\/wp-json\/wp\/v2\/types\/page"}],"author":[{"embeddable":true,"href":"https:\/\/taichi-inpact.fr\/index.php\/wp-json\/wp\/v2\/users\/1"}],"replies":[{"embeddable":true,"href":"https:\/\/taichi-inpact.fr\/index.php\/wp-json\/wp\/v2\/comments?post=96"}],"version-history":[{"count":12,"href":"https:\/\/taichi-inpact.fr\/index.php\/wp-json\/wp\/v2\/pages\/96\/revisions"}],"predecessor-version":[{"id":512,"href":"https:\/\/taichi-inpact.fr\/index.php\/wp-json\/wp\/v2\/pages\/96\/revisions\/512"}],"wp:attachment":[{"href":"https:\/\/taichi-inpact.fr\/index.php\/wp-json\/wp\/v2\/media?parent=96"}],"curies":[{"name":"wp","href":"https:\/\/api.w.org\/{rel}","templated":true}]}}