{"id":694,"date":"2023-09-25T10:01:35","date_gmt":"2023-09-25T08:01:35","guid":{"rendered":"https:\/\/taichi-inpact.fr\/?page_id=694"},"modified":"2025-09-02T19:29:41","modified_gmt":"2025-09-02T17:29:41","slug":"tai-chi-chuan-traditionnel-a-strasbourg-et-ernolsheim-bruche","status":"publish","type":"page","link":"https:\/\/taichi-inpact.fr\/","title":{"rendered":"Tai Chi Chuan traditionnel \u00e0 Strasbourg et Ernolsheim\/Bruche"},"content":{"rendered":"\n<p class=\"has-text-align-left\"><mark style=\"background-color:rgba(0, 0, 0, 0)\" class=\"has-inline-color has-purple-color\">Bienvenue, \u6b22\u8fce , \u6b53\u8fce<\/mark><\/p>\n\n\n\n<p class=\"has-text-color has-link-color has-medium-font-size wp-elements-629172896aa7a5ec8086133b0b08d1d9\" style=\"color:#5680dbe3\"><a href=\"https:\/\/taichi-inpact.fr\/wp-content\/uploads\/2024\/09\/flyer-A5-inpact.pdf\"><strong>PARTAGEZ AVEC NOUS L&rsquo;ESPRIT DU GESTE<\/strong><\/a><\/p>\n\n\n\n<p class=\"has-text-align-left\" style=\"font-size:18px\"><mark style=\"background-color:rgba(0, 0, 0, 0);color:#0003ff\" class=\"has-inline-color\">Strasbourg:<\/mark> mardi jeudi &#8211; Centre Sportif de l\u2019Esplanade, 15 rue Louvois<br><mark style=\"background-color:rgba(0, 0, 0, 0);color:#0003ff\" class=\"has-inline-color\">Ernolsheim\/Bruche: <\/mark>lundi &#8211; Espace du Lavoir, 1 rue du Moulin<\/p>\n\n\n\n<p class=\"has-text-align-left\"><mark style=\"background-color:rgba(0, 0, 0, 0)\" class=\"has-inline-color has-purple-color\"><br><\/mark><mark style=\"background-color:rgba(0, 0, 0, 0);color:#000cff\" class=\"has-inline-color\">REPRISE DES ACTIVITES &#8211; INFOS :<br><\/mark><mark style=\"background-color:rgba(0, 0, 0, 0);color:#bb4000\" class=\"has-inline-color\"><a href=\"https:\/\/taichi-inpact.fr\/wp-content\/uploads\/2025\/09\/cours-INPACT-25-26.pdf\"><strong>INPACT Strasbourg: mardi 16 septembre 2025<\/strong><\/a><br><a href=\"https:\/\/taichi-inpact.fr\/wp-content\/uploads\/2025\/09\/Presentation-ATB-25-26.pdf\"><strong>A T B Ernolsheim\/B: lundi 8 septembre 2025 <\/strong><\/a><\/mark><\/p>\n\n\n\n<p><mark style=\"background-color:rgba(0, 0, 0, 0)\" class=\"has-inline-color has-purple-color\">DERNIERS ARTICLES:<\/mark><br>* <a href=\"https:\/\/taichi-inpact.fr\/wp-content\/uploads\/2022\/06\/LESPRIT-DU-TAICHI-CHUAN-PEUT-IL-FAVORISER-NOS-RELATIONS.pdf\" target=\"_blank\" rel=\"noreferrer noopener\">L\u2019esprit du Ta\u00efchi chuan peut-il favoriser nos relations ?<br><\/a>* <a href=\"https:\/\/taichi-inpact.fr\/wp-content\/uploads\/2022\/06\/transformations-des-4-techniques-de-mains.pdf\" data-type=\"link\" data-id=\"https:\/\/taichi-inpact.fr\/wp-content\/uploads\/2022\/06\/transformations-des-4-techniques-de-mains.pdf\" target=\"_blank\" rel=\"noreferrer noopener\">Les transformations des quatre techniques de mains<br><\/a><a href=\"https:\/\/taichi-inpact.fr\/wp-content\/uploads\/2022\/01\/EXPOSE-SUR-LES-8portes-et-les-13-postures-edition.pdf\" target=\"_blank\" rel=\"noreferrer noopener\">* Expos\u00e9 sur les 8 Portes et les 13 Postures<br><\/a>* Embrasser le tigre : <a href=\"https:\/\/taichi-inpact.fr\/index.php\/2020\/05\/09\/animation-video-embrasser-le-tigre\/\" data-type=\"link\" data-id=\"https:\/\/taichi-inpact.fr\/index.php\/2020\/05\/09\/animation-video-embrasser-le-tigre\/\">animation<\/a> \u2013 <a href=\"https:\/\/taichi-inpact.fr\/index.php\/2020\/05\/09\/mouvement-tai-chi-embrasser-le-tigre-et-le-rendre-a-la-montage-bao-hu-gui-shan\/\" data-type=\"link\" data-id=\"https:\/\/taichi-inpact.fr\/index.php\/2020\/05\/09\/mouvement-tai-chi-embrasser-le-tigre-et-le-rendre-a-la-montage-bao-hu-gui-shan\/\">descriptif<\/a><br>* Neigong : <a href=\"https:\/\/taichi-inpact.fr\/index.php\/2020\/05\/09\/quest-ce-que-le-nei-gong-les-cahiers-du-taichi-chuan-et-du-neigong\/\" data-type=\"link\" data-id=\"https:\/\/taichi-inpact.fr\/index.php\/2020\/05\/09\/quest-ce-que-le-nei-gong-les-cahiers-du-taichi-chuan-et-du-neigong\/\">descriptif<\/a><\/p>\n\n\n\n<p><a href=\"https:\/\/taichi-inpact.fr\/wp-content\/uploads\/2023\/12\/demo-tui-shou-WYN-\u738b-\u5ef6\u5e74-\u63a8\u624b.mp4\">VIDEO de TUI SHOU par Ma\u00eetre Wang Yen-Nien<\/a><\/p>\n\n\n\n<p><\/p>\n\n\n\n<p><mark style=\"background-color:rgba(0, 0, 0, 0);color:#0003ff\" class=\"has-inline-color\">Ateliers:<\/mark><br>Ep\u00e9e (mardi) \u2013 Eventail (lundi et jeudi)<br>Tui Shou \u2013 Nei Gong, selon planning<\/p>\n\n\n\n<p><strong><mark style=\"background-color:rgba(0, 0, 0, 0);color:#0003ff\" class=\"has-inline-color\"><a href=\"https:\/\/taichi-inpact.fr\/index.php\/cours\/\" data-type=\"link\" data-id=\"https:\/\/taichi-inpact.fr\/index.php\/cours\/\">Visualisez le d\u00e9tail des cours<\/a><\/mark><\/strong><\/p>\n\n\n\n<p>Cours d\u2019essai gratuit sans engagement.<br>Inscriptions toute l\u2019ann\u00e9e<br><mark style=\"background-color:rgba(0, 0, 0, 0);color:#0003ff\" class=\"has-inline-color\"><a href=\"https:\/\/taichi-inpact.fr\/wp-content\/uploads\/2025\/09\/cours-INPACT-25-26.pdf\" data-type=\"link\" data-id=\"https:\/\/taichi-inpact.fr\/wp-content\/uploads\/2023\/09\/cours-INPACT-23-24.pdf\" target=\"_blank\" rel=\"noreferrer noopener\">T\u00e9l\u00e9chargez<\/a><\/mark> nos plaquettes d\u2019information:  <strong><a href=\"https:\/\/taichi-inpact.fr\/wp-content\/uploads\/2025\/09\/cours-INPACT-25-26.pdf\">INPACT<\/a><\/strong>      <strong><a href=\"https:\/\/taichi-inpact.fr\/wp-content\/uploads\/2025\/09\/Presentation-ATB-25-26.pdf\">ATB<\/a><\/strong><\/p>\n\n\n\n<p><mark style=\"background-color:rgba(0, 0, 0, 0)\" class=\"has-inline-color has-purple-color\"><strong>DIRECTION TECHNIQUE:<\/strong><\/mark> Christian BERNAPEL<br>Dipl\u00f4m\u00e9 d\u2019\u00e9tat \u2013 8\u00e8me Duan<br>El\u00e8ve direct de Ma\u00eetre Wang Yen-Nien (1914-2008)<\/p>\n\n\n\n<p><mark style=\"background-color:rgba(0, 0, 0, 0);color:#0003ff\" class=\"has-inline-color\">LE TAICHI CHUAN \u2013 TAIJI QUAN<\/mark> est un art martial interne, un art du mouvement du corps et de l\u2019esprit, une m\u00e9ditation, une aide pr\u00e9cieuse au service de la sant\u00e9 et du bien-\u00eatre.<br><br><mark style=\"background-color:rgba(0, 0, 0, 0);color:#0003ff\" class=\"has-inline-color\">LE NEI GONG<\/mark> \u2013 ou \u00ab travail interne \u00bb s\u2019appuie sur les principes de l\u2019\u00e9cole tao\u00efste de la Montagne d\u2019Or transmise par Ma\u00eetre Wang Yen-Nien.<br><br><mark style=\"background-color:rgba(0, 0, 0, 0);color:#0003ff\" class=\"has-inline-color\">L\u2019ESPRIT DU GESTE<\/mark> accompagne l\u2019enseignement traditionnel du Taiji Quan, du Nei Gong et du Tui shou propos\u00e9s \u00e0 l\u2019INPACT depuis sa cr\u00e9ation en 1983. Un patrimoine de l\u2019\u00e9cole traditionnelle du Yangjia Michuan Taiji quan transmis par Ma\u00eetre Wang Yen-Nien qui ouvre \u00e0 la conscience des potentiels du corps et de l\u2019esprit.<br><br><mark style=\"background-color:rgba(0, 0, 0, 0);color:#0003ff\" class=\"has-inline-color\">UNE PRATIQUE<\/mark> pour apprendre \u00e0 mieux respirer, \u00e0 \u00e9tirer son corps en douceur, d\u00e9rouler le dos avec pr\u00e9caution, apaiser le c\u0153ur, ressentir son \u00e9quilibre, tonifier ses muscles internes et retrouver une souplesse naturelle du corps. Des exercices simples en solo ou \u00e0 deux pour retrouver calme, spontan\u00e9it\u00e9 et cr\u00e9ativit\u00e9 apr\u00e8s un stress excessif, une posture centr\u00e9e, une respiration qui apaise le c\u0153ur et situe le temps \u00e0 sa juste mesure.<br><br><mark style=\"background-color:rgba(0, 0, 0, 0);color:#0003ff\" class=\"has-inline-color\">UN TEMPS DE PARTAGE<\/mark> r\u00e9gulier avec le groupe et la richesse de ses individualit\u00e9s, dans la simplicit\u00e9 et la bienveillance.<br><br><\/p>\n\n\n\n<p><mark style=\"background-color:rgba(0, 0, 0, 0)\" class=\"has-inline-color has-purple-color\">L\u2019INPACT est affili\u00e9 \u00e0:<\/mark><\/p>\n\n\n\n<ul class=\"wp-block-list\">\n<li style=\"font-size:15px\">la <a href=\"http:\/\/www.faemc.fr\/\">F\u00e9d\u00e9ration Fran\u00e7aise des Arts Energ\u00e9tiques et Martiaux Chinois FFAEMC<\/a><\/li>\n\n\n\n<li style=\"font-size:15px\">l&rsquo;<a href=\"http:\/\/www.amicale-yangjia-michuan-tjq.org\/\">Amicale du Yangjia Michuan Taiji quan<\/a><\/li>\n<\/ul>\n\n\n\n<p><em>Le site est en construction.<\/em><br><em>Vos remarques sont les bienvenues, n\u2019h\u00e9sitez pas \u00e0&nbsp;<strong><a href=\"https:\/\/taichi-inpact.fr\/index.php\/contact\/\">nous contacter<\/a><\/strong><\/em><\/p>\n\n\n\n<p><\/p>\n","protected":false},"excerpt":{"rendered":"<p>Bienvenue, \u6b22\u8fce , \u6b53\u8fce PARTAGEZ AVEC NOUS L&rsquo;ESPRIT DU GESTE Strasbourg: mardi jeudi &#8211; Centre Sportif de l\u2019Esplanade, 15 rue LouvoisErnolsheim\/Bruche: lundi &#8211; Espace du Lavoir, 1 rue du Moulin REPRISE DES ACTIVITES &#8211; INFOS :INPACT Strasbourg: mardi 16 septembre 2025A T B Ernolsheim\/B: lundi 8 septembre 2025 DERNIERS ARTICLES:* L\u2019esprit du Ta\u00efchi chuan peut-il &hellip; <a href=\"https:\/\/taichi-inpact.fr\/\" class=\"more-link\">Continuer la lecture de <span class=\"screen-reader-text\">Tai Chi Chuan traditionnel \u00e0 Strasbourg et Ernolsheim\/Bruche<\/span><\/a><\/p>\n","protected":false},"author":2,"featured_media":0,"parent":0,"menu_order":0,"comment_status":"closed","ping_status":"closed","template":"","meta":{"_seopress_robots_primary_cat":"","_seopress_titles_title":"Ecole de Tai Chi Traditionnel \u00e0 Strasbourg","_seopress_titles_desc":"Tai chi Inpact est une \u00e9cole traditionnelle de Tai Chi Chuan \u00e0 Strasbourg et Ernolsheim \/ bruche. Le Taichi est un art martial interne, un art du mouvement du corps et de l\u2019esprit au service de la sant\u00e9 et du bien-\u00eatre.","_seopress_robots_index":"","_exactmetrics_skip_tracking":false,"_exactmetrics_sitenote_active":false,"_exactmetrics_sitenote_note":"","_exactmetrics_sitenote_category":0,"ngg_post_thumbnail":0,"footnotes":""},"class_list":["post-694","page","type-page","status-publish","hentry"],"_links":{"self":[{"href":"https:\/\/taichi-inpact.fr\/index.php\/wp-json\/wp\/v2\/pages\/694","targetHints":{"allow":["GET"]}}],"collection":[{"href":"https:\/\/taichi-inpact.fr\/index.php\/wp-json\/wp\/v2\/pages"}],"about":[{"href":"https:\/\/taichi-inpact.fr\/index.php\/wp-json\/wp\/v2\/types\/page"}],"author":[{"embeddable":true,"href":"https:\/\/taichi-inpact.fr\/index.php\/wp-json\/wp\/v2\/users\/2"}],"replies":[{"embeddable":true,"href":"https:\/\/taichi-inpact.fr\/index.php\/wp-json\/wp\/v2\/comments?post=694"}],"version-history":[{"count":26,"href":"https:\/\/taichi-inpact.fr\/index.php\/wp-json\/wp\/v2\/pages\/694\/revisions"}],"predecessor-version":[{"id":766,"href":"https:\/\/taichi-inpact.fr\/index.php\/wp-json\/wp\/v2\/pages\/694\/revisions\/766"}],"wp:attachment":[{"href":"https:\/\/taichi-inpact.fr\/index.php\/wp-json\/wp\/v2\/media?parent=694"}],"curies":[{"name":"wp","href":"https:\/\/api.w.org\/{rel}","templated":true}]}}