{"id":44,"date":"2019-03-09T09:39:27","date_gmt":"2019-03-09T08:39:27","guid":{"rendered":"https:\/\/taichi-inpact.fr\/?page_id=44"},"modified":"2020-03-27T23:17:37","modified_gmt":"2020-03-27T22:17:37","slug":"les-activites","status":"publish","type":"page","link":"https:\/\/taichi-inpact.fr\/index.php\/les-activites\/","title":{"rendered":"Les activit\u00e9s"},"content":{"rendered":"<h2 class=\"entry-title\">Les 3 duans<\/h2>\n<p>Longue et lente succession de mouvements codifi\u00e9s avec pr\u00e9cision l\u2019encha\u00eenement ou la&nbsp;<em>forme<\/em>, sp\u00e9cifique \u00e0 chaque \u00e9cole (Chen, Wu, Yang nouveau et ancien style, \u2026) se divise g\u00e9n\u00e9ralement en 3 s\u00e9quences ou Duan se succ\u00e9dant et pr\u00e9figurant le ternaire : Terre, Homme, Ciel.<br \/>\n<a href=\"https:\/\/taichi-inpact.fr\/index.php\/les-activited\/les-3-duans\/\">En savoir plus<\/a><\/p>\n<h2>Tui Shou<\/h2>\n<p>Dans les exercices \u00e0 deux, l\u2019Art se p\u00e9n\u00e8tre de r\u00e9alisme : le Tui Shou ! Ouverture, ouverture de soi vers l\u2019autre et travaux pratiques, les exercices \u00e0 2 sont le compl\u00e9ment indissociable des exercices de base et de l\u2019encha\u00eenement. Ils permettent de mieux comprendre et d\u2019appliquer les mouvements de la forme dans leur signifiant. Introduction concr\u00e8te \u00e0 l\u2019Art dit Martial, ils ne sont cependant qu\u2019un moyen et non une fin. <a href=\"https:\/\/taichi-inpact.fr\/index.php\/les-activited\/tui-shou\/\">En savoir plus<\/a><\/p>\n<h2>L&rsquo;\u00e9p\u00e9e<\/h2>\n<p>Arme noble comme en occident, l\u2019\u00e9p\u00e9e est par les volutes et les courbes d\u00e9crites dans l\u2019espace l\u2019arme par excellence de l\u2019art de la spirale qu\u2019est le taiji quan. L\u2019\u00e9p\u00e9e est li\u00e9e \u00e0 l\u2019\u00e9l\u00e9ment &nbsp;\u00bb feu &nbsp;\u00bb et sa pratique d\u00e9veloppe la pr\u00e9cision du geste <a href=\"https:\/\/taichi-inpact.fr\/index.php\/les-activited\/taiji-lepee\/\">En savoir plus<\/a><\/p>\n<h3 id=\"eventail\">L\u2019\u00e9ventail<\/h3>\n<p id=\"eventail\">Inspir\u00e9e de techniques d\u2019\u00e9p\u00e9e et prolongement naturel du corps, l\u2019\u00e9ventail se caract\u00e9rise par des mouvements pr\u00e9cis et gracieux qui se d\u00e9veloppent dans l\u2019espace. L\u2019\u00e9ventail est li\u00e9 \u00e0 l\u2019\u00e9l\u00e9ment eau , sa pratique permet de d\u00e9velopper conscience et pr\u00e9cision du geste, l\u00e9g\u00e8ret\u00e9 et souplesse du mouvement, acuit\u00e9 des sensations. <a href=\"https:\/\/taichi-inpact.fr\/index.php\/les-activited\/taiji-leventail\/\">En savoir plus<\/a><\/p>\n<h2>Le Nei Gong<\/h2>\n<p>Le Nei Gong ou \u00ab travail interne \u00bb sous-tend la pratique du Taiji Quan. C\u2019est une forme de m\u00e9ditation adapt\u00e9e au Taiji Quan. Il favorise la circulation \u00e9nerg\u00e9tique dans le corps, stimule le fonctionnement des organes et des visc\u00e8res et active la circulation <a href=\"https:\/\/taichi-inpact.fr\/index.php\/les-activites\/le-nei-gong\/\">En savoir plus<\/a><\/p>\n<h2 id=\"eventail\">Le Qi Gong<\/h2>\n<p>Approche corporelle particuli\u00e8re qui vient de la Chine ancienne, le QI GONG n\u2019est pas un sport. Cette pratique, bien que corporelle ne vise aucun objectif de performance, ni aucune recherche de d\u00e9passement de soi-m\u00eame ou des autres. <a href=\"https:\/\/taichi-inpact.fr\/index.php\/les-activites\/le-qi-gong\/\">En savoir plus<\/a><\/p>\n<p>Envie de prendre des <a href=\"https:\/\/taichi-inpact.fr\/index.php\/cours\/\">cours de tai chi<\/a>&nbsp;? <a href=\"https:\/\/taichi-inpact.fr\/index.php\/contact\/\">Rejoignez-nous<\/a> !<\/p>\n","protected":false},"excerpt":{"rendered":"<p>Les 3 duans Longue et lente succession de mouvements codifi\u00e9s avec pr\u00e9cision l\u2019encha\u00eenement ou la&nbsp;forme, sp\u00e9cifique \u00e0 chaque \u00e9cole (Chen, Wu, Yang nouveau et ancien style, \u2026) se divise g\u00e9n\u00e9ralement en 3 s\u00e9quences ou Duan se succ\u00e9dant et pr\u00e9figurant le ternaire : Terre, Homme, Ciel. En savoir plus Tui Shou Dans les exercices \u00e0 deux, &hellip; <a href=\"https:\/\/taichi-inpact.fr\/index.php\/les-activites\/\" class=\"more-link\">Continuer la lecture de <span class=\"screen-reader-text\">Les activit\u00e9s<\/span><\/a><\/p>\n","protected":false},"author":1,"featured_media":0,"parent":0,"menu_order":0,"comment_status":"closed","ping_status":"closed","template":"","meta":{"_seopress_robots_primary_cat":"","_seopress_titles_title":"","_seopress_titles_desc":"","_seopress_robots_index":"","_exactmetrics_skip_tracking":false,"_exactmetrics_sitenote_active":false,"_exactmetrics_sitenote_note":"","_exactmetrics_sitenote_category":0,"ngg_post_thumbnail":0,"footnotes":""},"class_list":["post-44","page","type-page","status-publish","hentry"],"_links":{"self":[{"href":"https:\/\/taichi-inpact.fr\/index.php\/wp-json\/wp\/v2\/pages\/44","targetHints":{"allow":["GET"]}}],"collection":[{"href":"https:\/\/taichi-inpact.fr\/index.php\/wp-json\/wp\/v2\/pages"}],"about":[{"href":"https:\/\/taichi-inpact.fr\/index.php\/wp-json\/wp\/v2\/types\/page"}],"author":[{"embeddable":true,"href":"https:\/\/taichi-inpact.fr\/index.php\/wp-json\/wp\/v2\/users\/1"}],"replies":[{"embeddable":true,"href":"https:\/\/taichi-inpact.fr\/index.php\/wp-json\/wp\/v2\/comments?post=44"}],"version-history":[{"count":8,"href":"https:\/\/taichi-inpact.fr\/index.php\/wp-json\/wp\/v2\/pages\/44\/revisions"}],"predecessor-version":[{"id":554,"href":"https:\/\/taichi-inpact.fr\/index.php\/wp-json\/wp\/v2\/pages\/44\/revisions\/554"}],"wp:attachment":[{"href":"https:\/\/taichi-inpact.fr\/index.php\/wp-json\/wp\/v2\/media?parent=44"}],"curies":[{"name":"wp","href":"https:\/\/api.w.org\/{rel}","templated":true}]}}