{"id":380,"date":"2019-06-26T15:53:09","date_gmt":"2019-06-26T13:53:09","guid":{"rendered":"https:\/\/taichi-inpact.fr\/?page_id=380"},"modified":"2020-02-27T21:38:53","modified_gmt":"2020-02-27T20:38:53","slug":"sites-amis","status":"publish","type":"page","link":"https:\/\/taichi-inpact.fr\/index.php\/sites-amis\/","title":{"rendered":"Sites amis"},"content":{"rendered":"<p><a href=\"http:\/\/www.inpact-taiji.com\"><img loading=\"lazy\" decoding=\"async\" class=\"size-medium wp-image-152 alignright\" src=\"https:\/\/taichi-inpact.fr\/wp-content\/uploads\/2019\/03\/Capture-d\u2019e\u0301cran-2019-03-14-a\u0300-15.16.02-300x44.png\" alt=\"\" width=\"300\" height=\"44\" srcset=\"https:\/\/taichi-inpact.fr\/wp-content\/uploads\/2019\/03\/Capture-d\u2019e\u0301cran-2019-03-14-a\u0300-15.16.02-300x44.png 300w, https:\/\/taichi-inpact.fr\/wp-content\/uploads\/2019\/03\/Capture-d\u2019e\u0301cran-2019-03-14-a\u0300-15.16.02-768x113.png 768w, https:\/\/taichi-inpact.fr\/wp-content\/uploads\/2019\/03\/Capture-d\u2019e\u0301cran-2019-03-14-a\u0300-15.16.02-1024x151.png 1024w, https:\/\/taichi-inpact.fr\/wp-content\/uploads\/2019\/03\/Capture-d\u2019e\u0301cran-2019-03-14-a\u0300-15.16.02.png 1910w\" sizes=\"auto, (max-width: 300px) 100vw, 300px\" \/><\/a><\/p>\n<p><a href=\"http:\/\/www.faemc.fr\" target=\"_blank\" rel=\"noopener noreferrer\"><strong>F<span style=\"color: #0000ff;\">\u00e9d\u00e9ration des Arts Energ\u00e9tiques et Martiaux Chinois<\/span><\/strong><span style=\"color: #0000ff;\"> &#8211; <\/span><\/a><span style=\"color: #0000ff;\"><a style=\"color: #0000ff;\" href=\"http:\/\/www.faemc.fr\">FAEMC<\/a><\/span><\/p>\n<p><span style=\"color: #0000ff;\"><a style=\"color: #0000ff;\" href=\"http:\/\/www.yimag.fr\" target=\"_blank\" rel=\"noopener noreferrer\"><strong>Revue de la FAEMC:<\/strong> <\/a><\/span><br \/>\n<a href=\"http:\/\/www.yimag.fr\">www.yimag.fr <\/a><\/p>\n<p><span style=\"color: #0000ff;\"><strong>S<\/strong><strong>ite de l&rsquo;Amicale du Yiangjia Michuan<\/strong> :<\/span><br \/>\ninformations, stages, rencontres<br \/>\n<a href=\"http:\/\/www.amicale-yangjia-michuan-tjq.org\/\" target=\"_blank\" rel=\"noopener noreferrer\">Amicale du Yangjia Michuan Taiji quan<\/a><\/p>\n<p><strong><span style=\"color: #0000ff;\">Coll\u00e8ge des enseignants du Yangjia Michuan:<\/span><br \/>\n<\/strong><a href=\"http:\/\/www.college-yangjia-michuan-tjq.org\/\" target=\"_blank\" rel=\"noopener noreferrer\">college-yangjia-michuan-tjq.org\/<\/a><\/p>\n<p><span style=\"color: #0000ff;\"><strong>Site de Serge Nguyen Van Rot &#8211; La Rochelle<\/strong><\/span><br \/>\n<a href=\"http:\/\/www.yangjiamichuanlarochelle.org\/\" target=\"_blank\" rel=\"noopener noreferrer\"><span style=\"color: #000000;\">ya<\/span>ngjiamichuanlarochelle.org\/<\/a><\/p>\n<p><span style=\"color: #0000ff;\"><strong>Site de Julia Fairchild:<\/strong><\/span><br \/>\n<a href=\"http:\/\/www.ymti.org\/fr\/\" target=\"_blank\" rel=\"noopener noreferrer\">http:\/\/www.ymti.org\/fr\/<\/a><\/p>\n<p><span style=\"color: #0000ff;\"><strong>Site des USA:<\/strong><\/span><br \/>\n<a href=\"http:\/\/www.aymta.org\/\" target=\"_blank\" rel=\"noopener noreferrer\">http:\/\/www.aymta.org\/<\/a><\/p>\n<p><span style=\"color: #0000ff;\"><strong>Vid\u00e9os du Yangjia Michuan<\/strong><\/span><br \/>\n<a href=\"http:\/\/www.ymtvideos.com\/\" target=\"_blank\" rel=\"noopener noreferrer\">http:\/\/www.ymtvideos.com\/<\/a><\/p>\n<p>&nbsp;<\/p>\n<p>&nbsp;<\/p>\n<p>&nbsp;<\/p>\n<p>&nbsp;<\/p>\n","protected":false},"excerpt":{"rendered":"<p>F\u00e9d\u00e9ration des Arts Energ\u00e9tiques et Martiaux Chinois &#8211; FAEMC Revue de la FAEMC: www.yimag.fr Site de l&rsquo;Amicale du Yiangjia Michuan : informations, stages, rencontres Amicale du Yangjia Michuan Taiji quan Coll\u00e8ge des enseignants du Yangjia Michuan: college-yangjia-michuan-tjq.org\/ Site de Serge Nguyen Van Rot &#8211; La Rochelle yangjiamichuanlarochelle.org\/ Site de Julia Fairchild: http:\/\/www.ymti.org\/fr\/ Site des USA: &hellip; <a href=\"https:\/\/taichi-inpact.fr\/index.php\/sites-amis\/\" class=\"more-link\">Continuer la lecture de <span class=\"screen-reader-text\">Sites amis<\/span><\/a><\/p>\n","protected":false},"author":2,"featured_media":0,"parent":0,"menu_order":0,"comment_status":"closed","ping_status":"closed","template":"","meta":{"_seopress_robots_primary_cat":"","_seopress_titles_title":"","_seopress_titles_desc":"","_seopress_robots_index":"","_exactmetrics_skip_tracking":false,"_exactmetrics_sitenote_active":false,"_exactmetrics_sitenote_note":"","_exactmetrics_sitenote_category":0,"ngg_post_thumbnail":0,"footnotes":""},"class_list":["post-380","page","type-page","status-publish","hentry"],"_links":{"self":[{"href":"https:\/\/taichi-inpact.fr\/index.php\/wp-json\/wp\/v2\/pages\/380","targetHints":{"allow":["GET"]}}],"collection":[{"href":"https:\/\/taichi-inpact.fr\/index.php\/wp-json\/wp\/v2\/pages"}],"about":[{"href":"https:\/\/taichi-inpact.fr\/index.php\/wp-json\/wp\/v2\/types\/page"}],"author":[{"embeddable":true,"href":"https:\/\/taichi-inpact.fr\/index.php\/wp-json\/wp\/v2\/users\/2"}],"replies":[{"embeddable":true,"href":"https:\/\/taichi-inpact.fr\/index.php\/wp-json\/wp\/v2\/comments?post=380"}],"version-history":[{"count":19,"href":"https:\/\/taichi-inpact.fr\/index.php\/wp-json\/wp\/v2\/pages\/380\/revisions"}],"predecessor-version":[{"id":545,"href":"https:\/\/taichi-inpact.fr\/index.php\/wp-json\/wp\/v2\/pages\/380\/revisions\/545"}],"wp:attachment":[{"href":"https:\/\/taichi-inpact.fr\/index.php\/wp-json\/wp\/v2\/media?parent=380"}],"curies":[{"name":"wp","href":"https:\/\/api.w.org\/{rel}","templated":true}]}}