{"id":339,"date":"2019-05-07T15:30:31","date_gmt":"2019-05-07T13:30:31","guid":{"rendered":"https:\/\/taichi-inpact.fr\/?page_id=339"},"modified":"2019-05-07T15:37:33","modified_gmt":"2019-05-07T13:37:33","slug":"chato-de","status":"publish","type":"page","link":"https:\/\/taichi-inpact.fr\/index.php\/moments-vecus\/chato-de\/","title":{"rendered":"Ch\u00e2to D\u00e9"},"content":{"rendered":"<figure id=\"attachment_340\" aria-describedby=\"caption-attachment-340\" style=\"width: 250px\" class=\"wp-caption aligncenter\"><img loading=\"lazy\" decoding=\"async\" class=\"size-full wp-image-340\" src=\"https:\/\/taichi-inpact.fr\/wp-content\/uploads\/2019\/05\/chatode1.jpg\" alt=\"\" width=\"250\" height=\"167\" \/><figcaption id=\"caption-attachment-340\" class=\"wp-caption-text\">\u00ab\u00a0Le coeur semblable au ballon. Et dis-je toujours allons.\u00a0\u00bb (Zhen-Yi \u00ab\u00a0Charles\u00a0\u00bb Li)<\/figcaption><\/figure>\n<p><strong>Retour aux sources !<\/strong><\/p>\n<p>Imaginez une vall\u00e9e avec de l&rsquo;herbe verte et douce partout. Dans les pr\u00e9s, de belle vaches noires et blanches qui broutent l&rsquo;herbe tendre paisiblement. A leur cou, des cloches qui tintinnabulent et r\u00e9sonnent en accord avec le chant des oiseaux dans la vall\u00e9e et l&rsquo;espace immense de la montagne, comme une symphonie pastorale!<\/p>\n<p>Partout, les contrastes de soleil \u00e9tincelant et d&rsquo;ombre profonde. Papillons, oiseaux, senteurs subtiles, couleurs multiples et saisissantes r\u00e9v\u00e9l\u00e9es par un \u00e9crin apaisant de vert tendre. La brise caresse la peau et stimule les sens juste assez pour r\u00e9aliser que le corps existe&#8230; et la salive se fluidifie pour mieux humecter notre int\u00e9rieur qui se met au diapason de ce bonheur simple !<\/p>\n<p>Le regard porte sur le panorama tout autour de soi. Au premier plan, ou que l&rsquo;on regarde, des vallons et des montagnes rondes et enveloppantes.<\/p>\n<p>En bas, le village avec ses maisons en bois d\u00e9cor\u00e9es de fleurs multicolores et des feuilles d&rsquo;automne qui flamboient. Seuls les habitants de la montagne et leur gentillesse l\u00e9gendaire d\u00e9tiennent le secret de ces maisons coquettes, si bien ordonn\u00e9es et hautes en couleurs et, en m\u00eame temps merveilleusement int\u00e9gr\u00e9es en village dans la beaut\u00e9 du paysage.<\/p>\n<p>L\u00e0 haut sur les alpages sont pos\u00e9es, ici et la, quelque ferme, grange ou refuge qui nous appellent \u00e0 la randonn\u00e9e et \u00e0 la sieste r\u00e9paratrice .<\/p>\n<p>Et plus loin, mais si pr\u00e9sents, apparaissent myst\u00e9rieux, entre ombre soleil et brumes, les rocs puissants des hautes montagnes alpines qui nous invitent \u00e0 \u00a0\u00bb d\u00e9ployer nos ailes \u00a0\u00bb vers le voyage et l&rsquo;aventure du \u00a0\u00bb fa\u00eete supr\u00eame \u00ab\u00a0.Quelle impression fantastique, ce paysage par lequel l&rsquo;harmonie et le bonheur de vivre nous submergent, irr\u00e9sistiblement.<\/p>\n<p>C&rsquo;est dans cet assemblage d&rsquo;harmonies et de contrastes qu&rsquo;est n\u00e9 le fameux fromage de gruy\u00e8re et ses multiples sp\u00e9cialit\u00e9s, dont l&rsquo;etivaz fabriqu\u00e9 au lait d&rsquo;alpage et au feu de bois que nous d\u00e9gustions avec app\u00e9tit au petit d\u00e9jeuner apr\u00e8s la pratique matinale. Comment imaginer pratiquer le taiji quan dans ce monde de r\u00eave? Et bien, c&rsquo;est le r\u00eave!<\/p>\n<p>D&rsquo;un tire d&rsquo;aile, voici r\u00e9compens\u00e9s les laborieux et longs efforts d&rsquo;apprentissage. En un instant, nous voici en conscience avec nous m\u00eame et en symbiose avec la nature : serais ce cela l&rsquo;\u00e9tat de pl\u00e9nitude ? R\u00e9sonnant entre notre corps et la nature avec comme simple lien la respiration qui devient souffle nourricier. L&rsquo;aile de la s\u00e9r\u00e9nit\u00e9 et du bonheur nous a fr\u00f4l\u00e9: Un petit pr\u00e9 de nirvana \u00e9tait inscrit au c\u0153ur de ce paysage grandiose et serein ! Le souffle du ch\u00e2teau d&rsquo;Oex (il est de bon ton de dire : \u00a0\u00bb ch\u00e2to d\u00e9 \u00a0\u00bb ) nous a all\u00e9g\u00e9 et transport\u00e9 comme les ballons s&rsquo;\u00e9levant du fond de la vall\u00e9e avec leurs grondements sombres de dragons crachant le feu. Ces ballons qui permettent de vaincre la gravit\u00e9 et de s&rsquo;\u00e9lever en silence! Le souffle \u00e9chauff\u00e9 au service de la l\u00e9g\u00e8ret\u00e9 de la mati\u00e8re ; \u00e0 m\u00e9diter ! Toute l&rsquo;alchimie tao\u00efste \u00e9clair\u00e9e par ce miracle de simplicit\u00e9. (Ch\u00e2to d\u00e9 a \u00e9t\u00e9 le point de d\u00e9part du tour du monde en ballon).<\/p>\n<p>Et voici le groupe attentif autour du guide : Charles, qui comme le berger fait tourner son b\u00e2ton avec dext\u00e9rit\u00e9 et prend garde avec attention et bienveillance \u00e0 la coh\u00e9sion de l&rsquo;assembl\u00e9e . Il bat la mesure et nous emm\u00e8ne tranquillement avec douceur et fermet\u00e9 dans les arcanes du taiji quan. Comme l&rsquo;abeille, il observe, corrige, conseille, partage son exp\u00e9rience et butine sur les petits et grands bobos. Retour aux sources avec son allant, son \u00e9nergie intarissable, sa gentillesse, sa bonne humeur, son sourire et ses \u00a0\u00bb bons \u00a0\u00bb mots fran\u00e7ais enchinois\u00e9s. C&rsquo;est donc cela le patois Suisse de la Gruy\u00e8re !<\/p>\n<p>Charles nous a fait re-toucher paisiblement \u00e0 la simplicit\u00e9 du Yangjia michuan avec le sourire.<\/p>\n<p>Nos nuits ont \u00e9t\u00e9 \u00e9clair\u00e9es par tous ses bons mots: la \u00a0\u00bb gravite (l&rsquo;axe) centrale \u00ab\u00a0, \u00a0\u00bb torturer \u00a0\u00bb (tordre) le corps, la coccinelle (le coccyx) ; \u00a0\u00bb en-scell\u00e9 \u00a0\u00bb et les vieux ma\u00eetres qui \u00a0\u00bb s&rsquo;inqui\u00e8tent dans leur tombe \u00a0\u00bb et nos deux journ\u00e9es ont d\u00e9cid\u00e9ment nourrit l&rsquo;essentiel.<\/p>\n<p>\u00c0 bient\u00f4t le comt\u00e9 de Gruy\u00e8res en compagnie de Charles Li et de nos h\u00f4tes exemplaires dans l&rsquo;organisation fluide et fraternelle d&rsquo;un week end de lumi\u00e8res en marge du temps.<\/p>\n<p>Christian Bernapel, 22 septembre 2003.<\/p>\n<figure id=\"attachment_341\" aria-describedby=\"caption-attachment-341\" style=\"width: 250px\" class=\"wp-caption aligncenter\"><img loading=\"lazy\" decoding=\"async\" class=\"size-full wp-image-341\" src=\"https:\/\/taichi-inpact.fr\/wp-content\/uploads\/2019\/05\/chatode3.jpg\" alt=\"\" width=\"250\" height=\"167\" \/><figcaption id=\"caption-attachment-341\" class=\"wp-caption-text\">Les bienheureux participants<\/figcaption><\/figure>\n<p><img loading=\"lazy\" decoding=\"async\" class=\"aligncenter size-full wp-image-343\" src=\"https:\/\/taichi-inpact.fr\/wp-content\/uploads\/2019\/05\/photo01-1.jpg\" alt=\"\" width=\"550\" height=\"368\" srcset=\"https:\/\/taichi-inpact.fr\/wp-content\/uploads\/2019\/05\/photo01-1.jpg 550w, https:\/\/taichi-inpact.fr\/wp-content\/uploads\/2019\/05\/photo01-1-300x201.jpg 300w\" sizes=\"auto, (max-width: 550px) 100vw, 550px\" \/> <img loading=\"lazy\" decoding=\"async\" class=\"aligncenter size-full wp-image-345\" src=\"https:\/\/taichi-inpact.fr\/wp-content\/uploads\/2019\/05\/photo03-1.jpg\" alt=\"\" width=\"550\" height=\"368\" \/> <img loading=\"lazy\" decoding=\"async\" class=\"aligncenter size-full wp-image-348\" src=\"https:\/\/taichi-inpact.fr\/wp-content\/uploads\/2019\/05\/photo04-1.jpg\" alt=\"\" width=\"550\" height=\"368\" srcset=\"https:\/\/taichi-inpact.fr\/wp-content\/uploads\/2019\/05\/photo04-1.jpg 550w, https:\/\/taichi-inpact.fr\/wp-content\/uploads\/2019\/05\/photo04-1-300x201.jpg 300w\" sizes=\"auto, (max-width: 550px) 100vw, 550px\" \/><img loading=\"lazy\" decoding=\"async\" class=\"aligncenter size-full wp-image-350\" src=\"https:\/\/taichi-inpact.fr\/wp-content\/uploads\/2019\/05\/photo07-1.jpg\" alt=\"\" width=\"550\" height=\"368\" srcset=\"https:\/\/taichi-inpact.fr\/wp-content\/uploads\/2019\/05\/photo07-1.jpg 550w, https:\/\/taichi-inpact.fr\/wp-content\/uploads\/2019\/05\/photo07-1-300x201.jpg 300w\" sizes=\"auto, (max-width: 550px) 100vw, 550px\" \/><img loading=\"lazy\" decoding=\"async\" class=\"aligncenter size-full wp-image-353\" src=\"https:\/\/taichi-inpact.fr\/wp-content\/uploads\/2019\/05\/photo08-1.jpg\" alt=\"\" width=\"550\" height=\"368\" srcset=\"https:\/\/taichi-inpact.fr\/wp-content\/uploads\/2019\/05\/photo08-1.jpg 550w, https:\/\/taichi-inpact.fr\/wp-content\/uploads\/2019\/05\/photo08-1-300x201.jpg 300w\" sizes=\"auto, (max-width: 550px) 100vw, 550px\" \/> <img loading=\"lazy\" decoding=\"async\" class=\"aligncenter size-full wp-image-355\" src=\"https:\/\/taichi-inpact.fr\/wp-content\/uploads\/2019\/05\/photo09-1.jpg\" alt=\"\" width=\"368\" height=\"550\" srcset=\"https:\/\/taichi-inpact.fr\/wp-content\/uploads\/2019\/05\/photo09-1.jpg 368w, https:\/\/taichi-inpact.fr\/wp-content\/uploads\/2019\/05\/photo09-1-201x300.jpg 201w\" sizes=\"auto, (max-width: 368px) 100vw, 368px\" \/> <img loading=\"lazy\" decoding=\"async\" class=\"aligncenter size-full wp-image-357\" src=\"https:\/\/taichi-inpact.fr\/wp-content\/uploads\/2019\/05\/photo18.jpg\" alt=\"\" width=\"550\" height=\"368\" srcset=\"https:\/\/taichi-inpact.fr\/wp-content\/uploads\/2019\/05\/photo18.jpg 550w, https:\/\/taichi-inpact.fr\/wp-content\/uploads\/2019\/05\/photo18-300x201.jpg 300w\" sizes=\"auto, (max-width: 550px) 100vw, 550px\" \/><img loading=\"lazy\" decoding=\"async\" class=\"aligncenter size-full wp-image-346\" src=\"https:\/\/taichi-inpact.fr\/wp-content\/uploads\/2019\/05\/photo21.jpg\" alt=\"\" width=\"550\" height=\"368\" srcset=\"https:\/\/taichi-inpact.fr\/wp-content\/uploads\/2019\/05\/photo21.jpg 550w, https:\/\/taichi-inpact.fr\/wp-content\/uploads\/2019\/05\/photo21-300x201.jpg 300w\" sizes=\"auto, (max-width: 550px) 100vw, 550px\" \/><img loading=\"lazy\" decoding=\"async\" class=\"aligncenter size-full wp-image-347\" src=\"https:\/\/taichi-inpact.fr\/wp-content\/uploads\/2019\/05\/photo23.jpg\" alt=\"\" width=\"368\" height=\"550\" srcset=\"https:\/\/taichi-inpact.fr\/wp-content\/uploads\/2019\/05\/photo23.jpg 368w, https:\/\/taichi-inpact.fr\/wp-content\/uploads\/2019\/05\/photo23-201x300.jpg 201w\" sizes=\"auto, (max-width: 368px) 100vw, 368px\" \/><img loading=\"lazy\" decoding=\"async\" class=\"aligncenter size-full wp-image-349\" src=\"https:\/\/taichi-inpact.fr\/wp-content\/uploads\/2019\/05\/photo25.jpg\" alt=\"\" width=\"550\" height=\"368\" srcset=\"https:\/\/taichi-inpact.fr\/wp-content\/uploads\/2019\/05\/photo25.jpg 550w, https:\/\/taichi-inpact.fr\/wp-content\/uploads\/2019\/05\/photo25-300x201.jpg 300w\" sizes=\"auto, (max-width: 550px) 100vw, 550px\" \/><img loading=\"lazy\" decoding=\"async\" class=\"aligncenter size-full wp-image-351\" src=\"https:\/\/taichi-inpact.fr\/wp-content\/uploads\/2019\/05\/photo31.jpg\" alt=\"\" width=\"550\" height=\"368\" srcset=\"https:\/\/taichi-inpact.fr\/wp-content\/uploads\/2019\/05\/photo31.jpg 550w, https:\/\/taichi-inpact.fr\/wp-content\/uploads\/2019\/05\/photo31-300x201.jpg 300w\" sizes=\"auto, (max-width: 550px) 100vw, 550px\" \/><img loading=\"lazy\" decoding=\"async\" class=\"aligncenter size-full wp-image-352\" src=\"https:\/\/taichi-inpact.fr\/wp-content\/uploads\/2019\/05\/photo32.jpg\" alt=\"\" width=\"550\" height=\"368\" srcset=\"https:\/\/taichi-inpact.fr\/wp-content\/uploads\/2019\/05\/photo32.jpg 550w, https:\/\/taichi-inpact.fr\/wp-content\/uploads\/2019\/05\/photo32-300x201.jpg 300w\" sizes=\"auto, (max-width: 550px) 100vw, 550px\" \/><img loading=\"lazy\" decoding=\"async\" class=\"aligncenter size-full wp-image-354\" src=\"https:\/\/taichi-inpact.fr\/wp-content\/uploads\/2019\/05\/photo33.jpg\" alt=\"\" width=\"550\" height=\"368\" srcset=\"https:\/\/taichi-inpact.fr\/wp-content\/uploads\/2019\/05\/photo33.jpg 550w, https:\/\/taichi-inpact.fr\/wp-content\/uploads\/2019\/05\/photo33-300x201.jpg 300w\" sizes=\"auto, (max-width: 550px) 100vw, 550px\" \/><img loading=\"lazy\" decoding=\"async\" class=\"aligncenter size-full wp-image-356\" src=\"https:\/\/taichi-inpact.fr\/wp-content\/uploads\/2019\/05\/photo35.jpg\" alt=\"\" width=\"550\" height=\"368\" srcset=\"https:\/\/taichi-inpact.fr\/wp-content\/uploads\/2019\/05\/photo35.jpg 550w, https:\/\/taichi-inpact.fr\/wp-content\/uploads\/2019\/05\/photo35-300x201.jpg 300w\" sizes=\"auto, (max-width: 550px) 100vw, 550px\" \/> <img loading=\"lazy\" decoding=\"async\" class=\"aligncenter size-full wp-image-358\" src=\"https:\/\/taichi-inpact.fr\/wp-content\/uploads\/2019\/05\/photo36.jpg\" alt=\"\" width=\"550\" height=\"368\" srcset=\"https:\/\/taichi-inpact.fr\/wp-content\/uploads\/2019\/05\/photo36.jpg 550w, https:\/\/taichi-inpact.fr\/wp-content\/uploads\/2019\/05\/photo36-300x201.jpg 300w\" sizes=\"auto, (max-width: 550px) 100vw, 550px\" \/><\/p>\n<p>&nbsp;<\/p>\n","protected":false},"excerpt":{"rendered":"<p>Retour aux sources ! Imaginez une vall\u00e9e avec de l&rsquo;herbe verte et douce partout. Dans les pr\u00e9s, de belle vaches noires et blanches qui broutent l&rsquo;herbe tendre paisiblement. A leur cou, des cloches qui tintinnabulent et r\u00e9sonnent en accord avec le chant des oiseaux dans la vall\u00e9e et l&rsquo;espace immense de la montagne, comme une &hellip; <a href=\"https:\/\/taichi-inpact.fr\/index.php\/moments-vecus\/chato-de\/\" class=\"more-link\">Continuer la lecture de <span class=\"screen-reader-text\">Ch\u00e2to D\u00e9<\/span><\/a><\/p>\n","protected":false},"author":1,"featured_media":0,"parent":47,"menu_order":0,"comment_status":"closed","ping_status":"closed","template":"","meta":{"_seopress_robots_primary_cat":"","_seopress_titles_title":"","_seopress_titles_desc":"","_seopress_robots_index":"","_exactmetrics_skip_tracking":false,"_exactmetrics_sitenote_active":false,"_exactmetrics_sitenote_note":"","_exactmetrics_sitenote_category":0,"ngg_post_thumbnail":0,"footnotes":""},"class_list":["post-339","page","type-page","status-publish","hentry"],"_links":{"self":[{"href":"https:\/\/taichi-inpact.fr\/index.php\/wp-json\/wp\/v2\/pages\/339","targetHints":{"allow":["GET"]}}],"collection":[{"href":"https:\/\/taichi-inpact.fr\/index.php\/wp-json\/wp\/v2\/pages"}],"about":[{"href":"https:\/\/taichi-inpact.fr\/index.php\/wp-json\/wp\/v2\/types\/page"}],"author":[{"embeddable":true,"href":"https:\/\/taichi-inpact.fr\/index.php\/wp-json\/wp\/v2\/users\/1"}],"replies":[{"embeddable":true,"href":"https:\/\/taichi-inpact.fr\/index.php\/wp-json\/wp\/v2\/comments?post=339"}],"version-history":[{"count":4,"href":"https:\/\/taichi-inpact.fr\/index.php\/wp-json\/wp\/v2\/pages\/339\/revisions"}],"predecessor-version":[{"id":360,"href":"https:\/\/taichi-inpact.fr\/index.php\/wp-json\/wp\/v2\/pages\/339\/revisions\/360"}],"up":[{"embeddable":true,"href":"https:\/\/taichi-inpact.fr\/index.php\/wp-json\/wp\/v2\/pages\/47"}],"wp:attachment":[{"href":"https:\/\/taichi-inpact.fr\/index.php\/wp-json\/wp\/v2\/media?parent=339"}],"curies":[{"name":"wp","href":"https:\/\/api.w.org\/{rel}","templated":true}]}}