{"id":328,"date":"2019-05-07T15:26:29","date_gmt":"2019-05-07T13:26:29","guid":{"rendered":"https:\/\/taichi-inpact.fr\/?page_id=328"},"modified":"2019-05-07T15:27:49","modified_gmt":"2019-05-07T13:27:49","slug":"rentree-des-sports-2003","status":"publish","type":"page","link":"https:\/\/taichi-inpact.fr\/index.php\/moments-vecus\/rentree-des-sports-2003\/","title":{"rendered":"Rentr\u00e9e des sports 2003"},"content":{"rendered":"<figure id=\"attachment_329\" aria-describedby=\"caption-attachment-329\" style=\"width: 300px\" class=\"wp-caption aligncenter\"><img loading=\"lazy\" decoding=\"async\" class=\"size-full wp-image-329\" src=\"https:\/\/taichi-inpact.fr\/wp-content\/uploads\/2019\/05\/rsports1.jpg\" alt=\"Lise Erbes \u00e0 l'archet et Christian Bernapel \u00e0 l'\u00e9p\u00e9e\" width=\"300\" height=\"200\" \/><figcaption id=\"caption-attachment-329\" class=\"wp-caption-text\">Lise Erbes \u00e0 l&rsquo;archet et Christian Bernapel \u00e0 l&rsquo;\u00e9p\u00e9e<\/figcaption><\/figure>\n<p><strong>L&rsquo;INPACT pr\u00e9sent \u00e0 la Rentr\u00e9e des Sports le 13 septembre dans l&rsquo;enceinte de la foire Europ\u00e9enne.<\/strong><\/p>\n<p>La rentr\u00e9e des sports est une initiative de la Ville de Strasbourg pour mettre en sc\u00e8ne l&rsquo;ensemble des sports pendant la dur\u00e9e de la Foire Europ\u00e9enne sous forme de stands, d&rsquo;informations du public et de d\u00e9monstrations.<\/p>\n<p>Ce samedi 13 d\u00e9di\u00e9 aux arts martiaux, a \u00e9t\u00e9 l&rsquo;occasion de montrer le savoir faire de l&rsquo;INPACT dans le cadre du stand et de d\u00e9monstrations de la F\u00e9d\u00e9ration de Taichi chuan et de Chi gong.<\/p>\n<p>Ainsi, Tai chi chuan, Chi gong, Gong fu (vuba), \u00e9p\u00e9e, \u00e9ventail, b\u00e2ton et Art du th\u00e9 ont \u00e9t\u00e9 mis en sc\u00e8ne tout au cours de la journ\u00e9e et, le soir des exhibitions de professeurs se sont succ\u00e9d\u00e9es dans le cadre d&rsquo;une soir\u00e9e spectacle dont le coup d&rsquo;envoi a \u00e9t\u00e9 donn\u00e9 par la s\u00e9r\u00e9nit\u00e9 d&rsquo;une c\u00e9r\u00e9monie du th\u00e9 conduite de main de Ma\u00eetre par Madame Mo cui-wei . Un kal\u00e9idoscope chinois conduit au violoncelle par l&rsquo;archet inspir\u00e9 de Lisa Erbes a permis de mettre en sc\u00e9ne: taiji quan, gongfu, \u00e9ventail, \u00e9p\u00e9e et b\u00e2ton avec Malou Hamert, Eric Chabeuf et Christian Bernapel.<\/p>\n<p>Un immense merci \u00e0 l&rsquo;engagement et \u00e0 l&rsquo;\u00e9nergie d\u00e9ploy\u00e9s par l&rsquo;\u00e9quipe de l&rsquo;INPACT qui s&rsquo;est investit g\u00e9n\u00e9reusement pour contribuer \u00e0 la r\u00e9ussite de cette journ\u00e9e. Une occasion de plus de partager nos sourires !<\/p>\n<p>Christian Bernapel.<br \/>\n<img loading=\"lazy\" decoding=\"async\" class=\"aligncenter size-full wp-image-330\" src=\"https:\/\/taichi-inpact.fr\/wp-content\/uploads\/2019\/05\/photo06a.jpg\" alt=\"\" width=\"450\" height=\"300\" srcset=\"https:\/\/taichi-inpact.fr\/wp-content\/uploads\/2019\/05\/photo06a.jpg 450w, https:\/\/taichi-inpact.fr\/wp-content\/uploads\/2019\/05\/photo06a-300x200.jpg 300w\" sizes=\"auto, (max-width: 450px) 100vw, 450px\" \/> <img loading=\"lazy\" decoding=\"async\" class=\"aligncenter size-full wp-image-331\" src=\"https:\/\/taichi-inpact.fr\/wp-content\/uploads\/2019\/05\/photo08a.jpg\" alt=\"\" width=\"450\" height=\"300\" srcset=\"https:\/\/taichi-inpact.fr\/wp-content\/uploads\/2019\/05\/photo08a.jpg 450w, https:\/\/taichi-inpact.fr\/wp-content\/uploads\/2019\/05\/photo08a-300x200.jpg 300w\" sizes=\"auto, (max-width: 450px) 100vw, 450px\" \/> <img loading=\"lazy\" decoding=\"async\" class=\"aligncenter size-full wp-image-332\" src=\"https:\/\/taichi-inpact.fr\/wp-content\/uploads\/2019\/05\/photo21a.jpg\" alt=\"\" width=\"450\" height=\"300\" srcset=\"https:\/\/taichi-inpact.fr\/wp-content\/uploads\/2019\/05\/photo21a.jpg 450w, https:\/\/taichi-inpact.fr\/wp-content\/uploads\/2019\/05\/photo21a-300x200.jpg 300w\" sizes=\"auto, (max-width: 450px) 100vw, 450px\" \/> <img loading=\"lazy\" decoding=\"async\" class=\"aligncenter size-full wp-image-333\" src=\"https:\/\/taichi-inpact.fr\/wp-content\/uploads\/2019\/05\/photo25a.jpg\" alt=\"\" width=\"450\" height=\"675\" srcset=\"https:\/\/taichi-inpact.fr\/wp-content\/uploads\/2019\/05\/photo25a.jpg 450w, https:\/\/taichi-inpact.fr\/wp-content\/uploads\/2019\/05\/photo25a-200x300.jpg 200w\" sizes=\"auto, (max-width: 450px) 100vw, 450px\" \/> <img loading=\"lazy\" decoding=\"async\" class=\"aligncenter size-full wp-image-334\" src=\"https:\/\/taichi-inpact.fr\/wp-content\/uploads\/2019\/05\/photo26a.jpg\" alt=\"\" width=\"450\" height=\"729\" srcset=\"https:\/\/taichi-inpact.fr\/wp-content\/uploads\/2019\/05\/photo26a.jpg 450w, https:\/\/taichi-inpact.fr\/wp-content\/uploads\/2019\/05\/photo26a-185x300.jpg 185w\" sizes=\"auto, (max-width: 450px) 100vw, 450px\" \/> <img loading=\"lazy\" decoding=\"async\" class=\"aligncenter size-full wp-image-335\" src=\"https:\/\/taichi-inpact.fr\/wp-content\/uploads\/2019\/05\/photo27a.jpg\" alt=\"\" width=\"450\" height=\"600\" \/> <img loading=\"lazy\" decoding=\"async\" class=\"aligncenter size-full wp-image-336\" src=\"https:\/\/taichi-inpact.fr\/wp-content\/uploads\/2019\/05\/photo29a.jpg\" alt=\"\" width=\"477\" height=\"450\" srcset=\"https:\/\/taichi-inpact.fr\/wp-content\/uploads\/2019\/05\/photo29a.jpg 477w, https:\/\/taichi-inpact.fr\/wp-content\/uploads\/2019\/05\/photo29a-300x283.jpg 300w\" sizes=\"auto, (max-width: 477px) 100vw, 477px\" \/><\/p>\n","protected":false},"excerpt":{"rendered":"<p>L&rsquo;INPACT pr\u00e9sent \u00e0 la Rentr\u00e9e des Sports le 13 septembre dans l&rsquo;enceinte de la foire Europ\u00e9enne. La rentr\u00e9e des sports est une initiative de la Ville de Strasbourg pour mettre en sc\u00e8ne l&rsquo;ensemble des sports pendant la dur\u00e9e de la Foire Europ\u00e9enne sous forme de stands, d&rsquo;informations du public et de d\u00e9monstrations. Ce samedi 13 &hellip; <a href=\"https:\/\/taichi-inpact.fr\/index.php\/moments-vecus\/rentree-des-sports-2003\/\" class=\"more-link\">Continuer la lecture de <span class=\"screen-reader-text\">Rentr\u00e9e des sports 2003<\/span><\/a><\/p>\n","protected":false},"author":1,"featured_media":0,"parent":47,"menu_order":0,"comment_status":"closed","ping_status":"closed","template":"","meta":{"_seopress_robots_primary_cat":"","_seopress_titles_title":"","_seopress_titles_desc":"","_seopress_robots_index":"","_exactmetrics_skip_tracking":false,"_exactmetrics_sitenote_active":false,"_exactmetrics_sitenote_note":"","_exactmetrics_sitenote_category":0,"ngg_post_thumbnail":0,"footnotes":""},"class_list":["post-328","page","type-page","status-publish","hentry"],"_links":{"self":[{"href":"https:\/\/taichi-inpact.fr\/index.php\/wp-json\/wp\/v2\/pages\/328","targetHints":{"allow":["GET"]}}],"collection":[{"href":"https:\/\/taichi-inpact.fr\/index.php\/wp-json\/wp\/v2\/pages"}],"about":[{"href":"https:\/\/taichi-inpact.fr\/index.php\/wp-json\/wp\/v2\/types\/page"}],"author":[{"embeddable":true,"href":"https:\/\/taichi-inpact.fr\/index.php\/wp-json\/wp\/v2\/users\/1"}],"replies":[{"embeddable":true,"href":"https:\/\/taichi-inpact.fr\/index.php\/wp-json\/wp\/v2\/comments?post=328"}],"version-history":[{"count":1,"href":"https:\/\/taichi-inpact.fr\/index.php\/wp-json\/wp\/v2\/pages\/328\/revisions"}],"predecessor-version":[{"id":337,"href":"https:\/\/taichi-inpact.fr\/index.php\/wp-json\/wp\/v2\/pages\/328\/revisions\/337"}],"up":[{"embeddable":true,"href":"https:\/\/taichi-inpact.fr\/index.php\/wp-json\/wp\/v2\/pages\/47"}],"wp:attachment":[{"href":"https:\/\/taichi-inpact.fr\/index.php\/wp-json\/wp\/v2\/media?parent=328"}],"curies":[{"name":"wp","href":"https:\/\/api.w.org\/{rel}","templated":true}]}}