{"id":279,"date":"2019-04-04T13:48:41","date_gmt":"2019-04-04T11:48:41","guid":{"rendered":"https:\/\/taichi-inpact.fr\/?page_id=279"},"modified":"2019-04-04T13:53:46","modified_gmt":"2019-04-04T11:53:46","slug":"le-qi-gong","status":"publish","type":"page","link":"https:\/\/taichi-inpact.fr\/index.php\/les-activites\/le-qi-gong\/","title":{"rendered":"Le Qi Gong"},"content":{"rendered":"<h3 id=\"gal\">Approche g\u00e9n\u00e9rale du Qi Gong<\/h3>\n<p>Approche corporelle particuli\u00e8re qui vient de la Chine ancienne, le QI GONG n\u2019est pas un sport. Cette pratique, bien que corporelle ne vise aucun objectif de performance, ni aucune recherche de d\u00e9passement de soi-m\u00eame ou des autres.<\/p>\n<figure id=\"attachment_280\" aria-describedby=\"caption-attachment-280\" style=\"width: 640px\" class=\"wp-caption aligncenter\"><img loading=\"lazy\" decoding=\"async\" class=\"wp-image-280 size-full\" src=\"https:\/\/taichi-inpact.fr\/wp-content\/uploads\/2019\/04\/CoursQiGong.jpg\" alt=\"Cours collectif de Qi Gong, par Francine Hirstel-Sitruk\" width=\"640\" height=\"384\" srcset=\"https:\/\/taichi-inpact.fr\/wp-content\/uploads\/2019\/04\/CoursQiGong.jpg 640w, https:\/\/taichi-inpact.fr\/wp-content\/uploads\/2019\/04\/CoursQiGong-300x180.jpg 300w\" sizes=\"auto, (max-width: 640px) 100vw, 640px\" \/><figcaption id=\"caption-attachment-280\" class=\"wp-caption-text\">Cours collectif de Qi Gong, par Francine Hirstel-Sitruk<\/figcaption><\/figure>\n<p><strong>\u00catre \u00e0 l\u2019\u00e9coute de soi<\/strong><\/p>\n<p>Il s\u2019agit de rechercher la d\u00e9tente corporelle et mentale qui am\u00e8ne \u00e0 l\u2019apaisement des rythmes cardiaque et respiratoire, et par cons\u00e9quent au calme des \u00e9motions. Le QI GONG est une activit\u00e9 corporelle, une gestuelle, il engage la musculature, les os, les ligaments et les tendons. La recherche n\u2019est pas musculaire mais \u00e9nerg\u00e9tique. Il s\u2019agit pour le d\u00e9butant de chercher le rel\u00e2chement des tensions indispensable \u00e0 la libre circulation de l\u2019\u00e9nergie.<\/p>\n<p>Il est donc difficile mais indispensable de comprendre que dans cette pratique il faut aller vers l\u2019\u00e9coute de nos propres capacit\u00e9s, de nos propres difficult\u00e9s et retrouver le go\u00fbt de la lenteur, de la d\u00e9tente, du simple plaisir de bouger sans le stress de la r\u00e9ussite, ni de but \u00e0 atteindre.<\/p>\n<p>C\u2019est ce que l\u2019on nomme \u00ab le plaisir dans la pratique \u00bb et c\u2019est pr\u00e9cis\u00e9ment cet \u00e9tat d\u2019esprit qui va permettre de retrouver sa mobilit\u00e9, sa stabilit\u00e9 et sa dynamique par la mise, ou la remise en circulation \u00e9nerg\u00e9tique.<\/p>\n<p><strong>Comment se caract\u00e9rise la pratique ?<\/strong><\/p>\n<p>Par deux types d\u2019entra\u00eenement : l\u2019un ax\u00e9 sur le travail du mouvement, et l\u2019autre sur le d\u00e9veloppement plus subtil de l\u2019\u00e9nergie, souvent qualifi\u00e9 d\u2019entra\u00eenement interne et m\u00e9ditatif. Dans cette approche nous ne pouvons envisager aucune distinction entre le corps et l\u2019esprit. Ainsi dans les Classiques : \u00ab L\u00e0 o\u00f9 se porte l\u2019esprit, se porte l\u2019\u00e9nergie \u00bb.<\/p>\n<p><strong>Les m\u00e9thodes de Qi Gong<\/strong><\/p>\n<p>On pourrait dire les \u00ab 2000 m\u00e9thodes \u00bb.<\/p>\n<p>Les m\u00e9thodes de Qi Gong sont multiples et comportent de nombreuses applications, parmi lesquelles on recense quatre grands styles :<\/p>\n<ul>\n<li>le Qi Gong pr\u00e9ventif, comme art de vivre au quotidien ;<\/li>\n<li>le Qi Gong martial ;<\/li>\n<li>le Qi Gong m\u00e9ditatif ou spirituel ;<\/li>\n<li>le Qi Gong th\u00e9rapeutique ou m\u00e9dical.<\/li>\n<\/ul>\n<p>Mais la mani\u00e8re d\u2019aborder la pratique, la connaissance et le respect des grands principes techniques et \u00e9nerg\u00e9tiques valent bien plus que la diversit\u00e9 des m\u00e9thodes.<\/p>\n<figure id=\"attachment_281\" aria-describedby=\"caption-attachment-281\" style=\"width: 640px\" class=\"wp-caption aligncenter\"><img loading=\"lazy\" decoding=\"async\" class=\"wp-image-281 size-full\" src=\"https:\/\/taichi-inpact.fr\/wp-content\/uploads\/2019\/04\/PetitBaton.jpg\" alt=\"Xiao Qun Taiji, le petit b\u00e2ton taiji utilis\u00e9 au cours de Qi Gong\" width=\"640\" height=\"428\" srcset=\"https:\/\/taichi-inpact.fr\/wp-content\/uploads\/2019\/04\/PetitBaton.jpg 640w, https:\/\/taichi-inpact.fr\/wp-content\/uploads\/2019\/04\/PetitBaton-300x201.jpg 300w\" sizes=\"auto, (max-width: 640px) 100vw, 640px\" \/><figcaption id=\"caption-attachment-281\" class=\"wp-caption-text\">Xiao Qun Taiji, le petit b\u00e2ton taiji utilis\u00e9 au cours de Qi Gong<\/figcaption><\/figure>\n<p><strong>En r\u00e9sum\u00e9<\/strong><\/p>\n<p>Le Qi Gong consiste \u00e0 mettre en mouvement le souffle, l\u2019\u00e9nergie, la respiration et l\u2019intention dans tout le corps pour la sant\u00e9, les arts martiaux ou le d\u00e9veloppement int\u00e9rieur.<\/p>\n<p>La majorit\u00e9 des Qi Gong peuvent \u00eatre pratiqu\u00e9s sans risque par tous les pratiquants. Il est \u00e9vident que lorsque les exercices conseill\u00e9s sont bien adapt\u00e9s aux besoins \u00e9nerg\u00e9tiques de la personne (capacit\u00e9 physique, typologie et temp\u00e9rament, \u00e9nergie des saisons etc). Les r\u00e9sultats sont d\u2019autant plus int\u00e9ressants.<\/p>\n<p>La pratique du Qi Gong va demander un minimum de connaissance de la m\u00e9decine traditionnelle chinoise : cette approche sera donn\u00e9e au fil de l\u2019apprentissage des diff\u00e9rents exercices.<\/p>\n<h3 id=\"6sons\">Zoom : les 6 sons th\u00e9rapeutiques<\/h3>\n<p>La m\u00e9thode des six sons th\u00e9rapeutiques appartient plus particuli\u00e8rement \u00e0 l&rsquo;\u00e9cole tao\u00efste. Selon les tao\u00efstes, prononcer ces sons avec les gestes correspondants sert \u00e0 \u00e9liminer par la vibration induite l&rsquo;\u00e9nergie perverse log\u00e9e dans les organes (foie, coeur, rate-pancr\u00e9as, poumons et reins), ainsi que le triple r\u00e9chauffeur. La gestuelle est relativement simple, mais il est important de connecter une \u00e9nergie correcte, de bien la diriger vers l&rsquo;organe et surtout d&rsquo;\u00e9mettre un son correct en phase avec la respiration.<\/p>\n<p>La visualisation est importante : \u00e0 l&rsquo;inspiration mettre l\u2019intention vers l&rsquo;\u00e9nergie pure, positive qui entre dans l&rsquo;organe. \u00c0 l&rsquo;expiration, mettre l\u2019intention sur l&rsquo;\u00e9nergie perverse qui sort de l\u2019organe avec le son.<\/p>\n<p><img loading=\"lazy\" decoding=\"async\" class=\"aligncenter wp-image-282 size-full\" src=\"https:\/\/taichi-inpact.fr\/wp-content\/uploads\/2019\/04\/qigong.png\" alt=\"\" width=\"891\" height=\"267\" srcset=\"https:\/\/taichi-inpact.fr\/wp-content\/uploads\/2019\/04\/qigong.png 891w, https:\/\/taichi-inpact.fr\/wp-content\/uploads\/2019\/04\/qigong-300x90.png 300w, https:\/\/taichi-inpact.fr\/wp-content\/uploads\/2019\/04\/qigong-768x230.png 768w\" sizes=\"auto, (max-width: 891px) 100vw, 891px\" \/><\/p>\n<p>Envie de prendre des\u00a0<a href=\"https:\/\/taichi-inpact.fr\/index.php\/cours\/\">cours de tai chi<\/a>\u00a0?\u00a0<a href=\"https:\/\/taichi-inpact.fr\/index.php\/contact\/\">Rejoignez-nous<\/a>\u00a0!<\/p>\n","protected":false},"excerpt":{"rendered":"<p>Approche g\u00e9n\u00e9rale du Qi Gong Approche corporelle particuli\u00e8re qui vient de la Chine ancienne, le QI GONG n\u2019est pas un sport. Cette pratique, bien que corporelle ne vise aucun objectif de performance, ni aucune recherche de d\u00e9passement de soi-m\u00eame ou des autres. \u00catre \u00e0 l\u2019\u00e9coute de soi Il s\u2019agit de rechercher la d\u00e9tente corporelle et &hellip; <a href=\"https:\/\/taichi-inpact.fr\/index.php\/les-activites\/le-qi-gong\/\" class=\"more-link\">Continuer la lecture de <span class=\"screen-reader-text\">Le Qi Gong<\/span><\/a><\/p>\n","protected":false},"author":1,"featured_media":0,"parent":44,"menu_order":0,"comment_status":"closed","ping_status":"closed","template":"","meta":{"_seopress_robots_primary_cat":"","_seopress_titles_title":"","_seopress_titles_desc":"","_seopress_robots_index":"","_exactmetrics_skip_tracking":false,"_exactmetrics_sitenote_active":false,"_exactmetrics_sitenote_note":"","_exactmetrics_sitenote_category":0,"ngg_post_thumbnail":0,"footnotes":""},"class_list":["post-279","page","type-page","status-publish","hentry"],"_links":{"self":[{"href":"https:\/\/taichi-inpact.fr\/index.php\/wp-json\/wp\/v2\/pages\/279","targetHints":{"allow":["GET"]}}],"collection":[{"href":"https:\/\/taichi-inpact.fr\/index.php\/wp-json\/wp\/v2\/pages"}],"about":[{"href":"https:\/\/taichi-inpact.fr\/index.php\/wp-json\/wp\/v2\/types\/page"}],"author":[{"embeddable":true,"href":"https:\/\/taichi-inpact.fr\/index.php\/wp-json\/wp\/v2\/users\/1"}],"replies":[{"embeddable":true,"href":"https:\/\/taichi-inpact.fr\/index.php\/wp-json\/wp\/v2\/comments?post=279"}],"version-history":[{"count":2,"href":"https:\/\/taichi-inpact.fr\/index.php\/wp-json\/wp\/v2\/pages\/279\/revisions"}],"predecessor-version":[{"id":287,"href":"https:\/\/taichi-inpact.fr\/index.php\/wp-json\/wp\/v2\/pages\/279\/revisions\/287"}],"up":[{"embeddable":true,"href":"https:\/\/taichi-inpact.fr\/index.php\/wp-json\/wp\/v2\/pages\/44"}],"wp:attachment":[{"href":"https:\/\/taichi-inpact.fr\/index.php\/wp-json\/wp\/v2\/media?parent=279"}],"curies":[{"name":"wp","href":"https:\/\/api.w.org\/{rel}","templated":true}]}}