{"id":252,"date":"2019-04-03T13:22:44","date_gmt":"2019-04-03T11:22:44","guid":{"rendered":"https:\/\/taichi-inpact.fr\/?page_id=252"},"modified":"2019-04-03T13:31:13","modified_gmt":"2019-04-03T11:31:13","slug":"taiji-leventail","status":"publish","type":"page","link":"https:\/\/taichi-inpact.fr\/index.php\/les-activites\/taiji-leventail\/","title":{"rendered":"Taiji : l&rsquo;\u00e9ventail"},"content":{"rendered":"<h3 id=\"eventail\">L&rsquo;\u00e9ventail, par Myriam Vassal<\/h3>\n<p>Inspir\u00e9e de techniques d&rsquo;\u00e9p\u00e9e et prolongement naturel du corps, l&rsquo;\u00e9ventail se caract\u00e9rise par des mouvements pr\u00e9cis et gracieux qui se d\u00e9veloppent dans l&rsquo;espace.<\/p>\n<figure id=\"attachment_253\" aria-describedby=\"caption-attachment-253\" style=\"width: 300px\" class=\"wp-caption aligncenter\"><img loading=\"lazy\" decoding=\"async\" class=\"size-medium wp-image-253\" src=\"https:\/\/taichi-inpact.fr\/wp-content\/uploads\/2019\/04\/Capture-d\u2019e\u0301cran-2019-04-03-a\u0300-13.18.05-300x187.png\" alt=\"Illustration de Caroline Koehly\" width=\"300\" height=\"187\" srcset=\"https:\/\/taichi-inpact.fr\/wp-content\/uploads\/2019\/04\/Capture-d\u2019e\u0301cran-2019-04-03-a\u0300-13.18.05-300x187.png 300w, https:\/\/taichi-inpact.fr\/wp-content\/uploads\/2019\/04\/Capture-d\u2019e\u0301cran-2019-04-03-a\u0300-13.18.05.png 582w\" sizes=\"auto, (max-width: 300px) 100vw, 300px\" \/><figcaption id=\"caption-attachment-253\" class=\"wp-caption-text\">Illustration de Caroline Koehly<\/figcaption><\/figure>\n<p>L&rsquo;\u00e9ventail est li\u00e9 \u00e0 l&rsquo;\u00e9l\u00e9ment eau , sa pratique permet de d\u00e9velopper conscience et pr\u00e9cision du geste, l\u00e9g\u00e8ret\u00e9 et souplesse du mouvement, acuit\u00e9 des sensations. Il y a \u00e0 c\u00f4t\u00e9 de l&rsquo;apprentissage de la forme de base o\u00f9 l&rsquo;on simule un combat \u00e0 mains nues, l&rsquo;apprentissage de formes avec armes (\u00e9p\u00e9e, \u00e9ventail, sabre&#8230;). Dans le tai chi chuan, contrairement aux techniques de sabre ou de b\u00e2ton du kung fu, les techniques d&rsquo;armes se travaillent lentement. On reste toujours dans le domaine de l&rsquo;art interne, bas\u00e9 sur le travail de l&rsquo;\u00e9nergie interne. On a du mal \u00e0 concevoir l&rsquo;\u00e9ventail comme \u00e9tant une arme, son usage actuel se limitant \u00e0 nous procurer de la fraicheur pendant les p\u00e9riodes estivales. Mais en Chine, il n&rsquo;\u00e9tait pas si inoffensif que cela, puisque muni de lames tranchantes, de pics et de dispositifs secrets. La forme de ma\u00eetre Wang Yen-Nien reprend de plus des gestes d&rsquo;\u00e9p\u00e9e. La forme de l&rsquo;\u00e9ventail comporte donc v\u00e9ritablement des mouvements \u00e0 signification martiale.<\/p>\n<figure id=\"attachment_254\" aria-describedby=\"caption-attachment-254\" style=\"width: 197px\" class=\"wp-caption alignleft\"><img loading=\"lazy\" decoding=\"async\" class=\"size-full wp-image-254\" src=\"https:\/\/taichi-inpact.fr\/wp-content\/uploads\/2019\/04\/eventail1.jpg\" alt=\"Une repr\u00e9sentante du groupe japonnais- Premier festival du Yangjia Michuan - Strasbourg (1995)\" width=\"197\" height=\"250\" \/><figcaption id=\"caption-attachment-254\" class=\"wp-caption-text\">Une repr\u00e9sentante du groupe japonnais- Premier festival du Yangjia Michuan &#8211; Strasbourg (1995)<\/figcaption><\/figure>\n<p>L&rsquo;apprentissage de l&rsquo;\u00e9ventail permet ainsi d&rsquo;acqu\u00e9rir une technique nouvelle. Mais \u00e0 part cela, que peut il apporter de plus?<\/p>\n<p>Il y a d&rsquo;abord enrichissement des sensations, puisque la sensation doit se prolonger jusque dans l&rsquo;\u00e9ventail. Il n&rsquo;y a pas de s\u00e9paration entre le corps et l&rsquo;\u00e9ventail. L&rsquo;arme fait en quelque sorte partie de nous et il s&rsquo;agit de la faire vivre. C&rsquo;est le mouvement du corps entier qui l&rsquo;entraine. Dans les mouvements o\u00f9 l&rsquo;on ouvre l&rsquo;\u00e9ventail, ce n&rsquo;est pas seulement le mouvement du poignet qui permet l&rsquo;ouverture. L&rsquo;ouverture n&rsquo;est que l&rsquo;expression de l&rsquo;\u00e9nergie, qui est v\u00e9hicul\u00e9e par tout le corps. Tout le corps ouvre l&rsquo;\u00e9ventail.<\/p>\n<figure id=\"attachment_255\" aria-describedby=\"caption-attachment-255\" style=\"width: 248px\" class=\"wp-caption alignright\"><img loading=\"lazy\" decoding=\"async\" class=\"size-full wp-image-255\" src=\"https:\/\/taichi-inpact.fr\/wp-content\/uploads\/2019\/04\/eventail3.jpg\" alt=\"Maryline Chanaud - Premier festival du Yangjia Michuan - Strasbourg (1995)\" width=\"248\" height=\"192\" \/><figcaption id=\"caption-attachment-255\" class=\"wp-caption-text\">Maryline Chanaud &#8211; Premier festival du Yangjia Michuan &#8211; Strasbourg (1995)<\/figcaption><\/figure>\n<p>Le maniement de l&rsquo;\u00e9ventail r\u00e9v\u00e8le avec clart\u00e9 toutes les tensions existantes.<\/p>\n<p>Les tensions au niveau des articulations du bras (poignet, coude, \u00e9paule) se r\u00e9v\u00e8lent tr\u00e8s vite par des douleurs, gr\u00e2ce \u00e0 la pr\u00e9sence et au poids de l&rsquo;\u00e9ventail. De plus, pour que l&rsquo;\u00e9nergie puisse s&rsquo;exprimer dans l&rsquo;\u00e9ventail, il faut que toutes ces tensions soient relach\u00e9es et que l&rsquo;\u00e9ventail repose souplement dans la main. L&rsquo;ouverture de l&rsquo;\u00e9ventail est souvent un test.<\/p>\n<p>Avec les armes, il y a \u00e9galement prise de conscience plus rapide de la justesse des mouvements. Le mouvement n&rsquo;est pas juste si par exemple, l&rsquo;\u00e9p\u00e9e ou l&rsquo;\u00e9ventail se balade dans tous les sens au lieu de trancher dans une trajectoire droite et nette.<\/p>\n<p>Ainsi, l&rsquo;apprentissage de l&rsquo;\u00e9ventail ou de toute autre arme, par l&rsquo;enrichissement qu&rsquo;il apporte au niveau des sensations et par une prise de conscience pr\u00e9cise de l&rsquo;ex\u00e9cution des mouvements, permet d&rsquo;approfondir la pratique g\u00e9n\u00e9rale du tai chi chuan.<\/p>\n<p>Myriam Vassal.<\/p>\n<h3 id=\"grace\">Pour ceux que la gr\u00e2ce de l&rsquo;objet fascine&#8230;<\/h3>\n<p>&#8230;le site\u00a0<a href=\"http:\/\/lecurieux.com\/\">Lecurieux.com<\/a>\u00a0est un v\u00e9ritable r\u00e9gal !<\/p>\n<figure id=\"attachment_256\" aria-describedby=\"caption-attachment-256\" style=\"width: 135px\" class=\"wp-caption aligncenter\"><img loading=\"lazy\" decoding=\"async\" class=\"size-full wp-image-256\" src=\"https:\/\/taichi-inpact.fr\/wp-content\/uploads\/2019\/04\/event.jpg\" alt=\"Un des merveilleux \u00e9ventails \u00e0 d\u00e9couvrir sur le site Lecurieux.com\" width=\"135\" height=\"103\" \/><figcaption id=\"caption-attachment-256\" class=\"wp-caption-text\">Un des merveilleux \u00e9ventails \u00e0 d\u00e9couvrir sur le site Lecurieux.com<\/figcaption><\/figure>\n<p>Envie de prendre des <a href=\"https:\/\/taichi-inpact.fr\/index.php\/cours\/\">cours de tai chi<\/a>\u00a0? <a href=\"https:\/\/taichi-inpact.fr\/index.php\/contact\/\">Rejoignez-nous<\/a> !<\/p>\n","protected":false},"excerpt":{"rendered":"<p>L&rsquo;\u00e9ventail, par Myriam Vassal Inspir\u00e9e de techniques d&rsquo;\u00e9p\u00e9e et prolongement naturel du corps, l&rsquo;\u00e9ventail se caract\u00e9rise par des mouvements pr\u00e9cis et gracieux qui se d\u00e9veloppent dans l&rsquo;espace. L&rsquo;\u00e9ventail est li\u00e9 \u00e0 l&rsquo;\u00e9l\u00e9ment eau , sa pratique permet de d\u00e9velopper conscience et pr\u00e9cision du geste, l\u00e9g\u00e8ret\u00e9 et souplesse du mouvement, acuit\u00e9 des sensations. Il y a &hellip; <a href=\"https:\/\/taichi-inpact.fr\/index.php\/les-activites\/taiji-leventail\/\" class=\"more-link\">Continuer la lecture de <span class=\"screen-reader-text\">Taiji : l&rsquo;\u00e9ventail<\/span><\/a><\/p>\n","protected":false},"author":1,"featured_media":0,"parent":44,"menu_order":0,"comment_status":"closed","ping_status":"closed","template":"","meta":{"_seopress_robots_primary_cat":"","_seopress_titles_title":"","_seopress_titles_desc":"","_seopress_robots_index":"","_exactmetrics_skip_tracking":false,"_exactmetrics_sitenote_active":false,"_exactmetrics_sitenote_note":"","_exactmetrics_sitenote_category":0,"ngg_post_thumbnail":0,"footnotes":""},"class_list":["post-252","page","type-page","status-publish","hentry"],"_links":{"self":[{"href":"https:\/\/taichi-inpact.fr\/index.php\/wp-json\/wp\/v2\/pages\/252","targetHints":{"allow":["GET"]}}],"collection":[{"href":"https:\/\/taichi-inpact.fr\/index.php\/wp-json\/wp\/v2\/pages"}],"about":[{"href":"https:\/\/taichi-inpact.fr\/index.php\/wp-json\/wp\/v2\/types\/page"}],"author":[{"embeddable":true,"href":"https:\/\/taichi-inpact.fr\/index.php\/wp-json\/wp\/v2\/users\/1"}],"replies":[{"embeddable":true,"href":"https:\/\/taichi-inpact.fr\/index.php\/wp-json\/wp\/v2\/comments?post=252"}],"version-history":[{"count":2,"href":"https:\/\/taichi-inpact.fr\/index.php\/wp-json\/wp\/v2\/pages\/252\/revisions"}],"predecessor-version":[{"id":268,"href":"https:\/\/taichi-inpact.fr\/index.php\/wp-json\/wp\/v2\/pages\/252\/revisions\/268"}],"up":[{"embeddable":true,"href":"https:\/\/taichi-inpact.fr\/index.php\/wp-json\/wp\/v2\/pages\/44"}],"wp:attachment":[{"href":"https:\/\/taichi-inpact.fr\/index.php\/wp-json\/wp\/v2\/media?parent=252"}],"curies":[{"name":"wp","href":"https:\/\/api.w.org\/{rel}","templated":true}]}}