{"id":248,"date":"2019-04-03T13:16:41","date_gmt":"2019-04-03T11:16:41","guid":{"rendered":"https:\/\/taichi-inpact.fr\/?page_id=248"},"modified":"2019-04-03T13:31:01","modified_gmt":"2019-04-03T11:31:01","slug":"taiji-lepee","status":"publish","type":"page","link":"https:\/\/taichi-inpact.fr\/index.php\/les-activites\/taiji-lepee\/","title":{"rendered":"Taiji : l&rsquo;\u00e9p\u00e9e"},"content":{"rendered":"<h3>L&rsquo;\u00e9p\u00e9e<\/h3>\n<p>Arme noble comme en occident, l&rsquo;\u00e9p\u00e9e est par les volutes et les courbes d\u00e9crites dans l&rsquo;espace l&rsquo;arme par excellence de l&rsquo;art de la spirale qu&rsquo;est le taiji quan. L&rsquo;\u00e9p\u00e9e est li\u00e9e \u00e0 l&rsquo;\u00e9l\u00e9ment \u00a0\u00bb feu \u00a0\u00bb et sa pratique d\u00e9veloppe la pr\u00e9cision du geste, affine l&rsquo;intention et d\u00e9veloppe la capacit\u00e9 d&rsquo;utilisation de l&rsquo;\u00e9nergie. Le maniement de l&rsquo;\u00e9p\u00e9e favorise le travail de l&rsquo;esprit, de la concentration, il affermit le c\u0153ur d\u00e9veloppe l&rsquo;intention et l&rsquo;\u00e9nergie et cultive la pr\u00e9sence \u00e0 soi-m\u00eame et \u00e0 son environnement.<\/p>\n<p>Envie de prendre des <a href=\"https:\/\/taichi-inpact.fr\/index.php\/cours\/\">cours de tai chi<\/a>\u00a0? <a href=\"https:\/\/taichi-inpact.fr\/index.php\/contact\/\">Rejoignez-nous<\/a> !<\/p>\n<figure id=\"attachment_249\" aria-describedby=\"caption-attachment-249\" style=\"width: 193px\" class=\"wp-caption alignright\"><img loading=\"lazy\" decoding=\"async\" class=\"size-full wp-image-249\" src=\"https:\/\/taichi-inpact.fr\/wp-content\/uploads\/2019\/04\/epee1.jpg\" alt=\"Luc Defago - Premier festival du Yangjia Michuan - Strasbourg (1995)\" width=\"193\" height=\"246\" \/><figcaption id=\"caption-attachment-249\" class=\"wp-caption-text\">Luc Defago &#8211; Premier festival du Yangjia Michuan &#8211; Strasbourg (1995)<\/figcaption><\/figure>\n","protected":false},"excerpt":{"rendered":"<p>L&rsquo;\u00e9p\u00e9e Arme noble comme en occident, l&rsquo;\u00e9p\u00e9e est par les volutes et les courbes d\u00e9crites dans l&rsquo;espace l&rsquo;arme par excellence de l&rsquo;art de la spirale qu&rsquo;est le taiji quan. L&rsquo;\u00e9p\u00e9e est li\u00e9e \u00e0 l&rsquo;\u00e9l\u00e9ment \u00a0\u00bb feu \u00a0\u00bb et sa pratique d\u00e9veloppe la pr\u00e9cision du geste, affine l&rsquo;intention et d\u00e9veloppe la capacit\u00e9 d&rsquo;utilisation de l&rsquo;\u00e9nergie. Le &hellip; <a href=\"https:\/\/taichi-inpact.fr\/index.php\/les-activites\/taiji-lepee\/\" class=\"more-link\">Continuer la lecture de <span class=\"screen-reader-text\">Taiji : l&rsquo;\u00e9p\u00e9e<\/span><\/a><\/p>\n","protected":false},"author":1,"featured_media":0,"parent":44,"menu_order":0,"comment_status":"closed","ping_status":"closed","template":"","meta":{"_seopress_robots_primary_cat":"","_seopress_titles_title":"","_seopress_titles_desc":"","_seopress_robots_index":"","_exactmetrics_skip_tracking":false,"_exactmetrics_sitenote_active":false,"_exactmetrics_sitenote_note":"","_exactmetrics_sitenote_category":0,"ngg_post_thumbnail":0,"footnotes":""},"class_list":["post-248","page","type-page","status-publish","hentry"],"_links":{"self":[{"href":"https:\/\/taichi-inpact.fr\/index.php\/wp-json\/wp\/v2\/pages\/248","targetHints":{"allow":["GET"]}}],"collection":[{"href":"https:\/\/taichi-inpact.fr\/index.php\/wp-json\/wp\/v2\/pages"}],"about":[{"href":"https:\/\/taichi-inpact.fr\/index.php\/wp-json\/wp\/v2\/types\/page"}],"author":[{"embeddable":true,"href":"https:\/\/taichi-inpact.fr\/index.php\/wp-json\/wp\/v2\/users\/1"}],"replies":[{"embeddable":true,"href":"https:\/\/taichi-inpact.fr\/index.php\/wp-json\/wp\/v2\/comments?post=248"}],"version-history":[{"count":3,"href":"https:\/\/taichi-inpact.fr\/index.php\/wp-json\/wp\/v2\/pages\/248\/revisions"}],"predecessor-version":[{"id":267,"href":"https:\/\/taichi-inpact.fr\/index.php\/wp-json\/wp\/v2\/pages\/248\/revisions\/267"}],"up":[{"embeddable":true,"href":"https:\/\/taichi-inpact.fr\/index.php\/wp-json\/wp\/v2\/pages\/44"}],"wp:attachment":[{"href":"https:\/\/taichi-inpact.fr\/index.php\/wp-json\/wp\/v2\/media?parent=248"}],"curies":[{"name":"wp","href":"https:\/\/api.w.org\/{rel}","templated":true}]}}