{"id":237,"date":"2019-04-03T10:24:18","date_gmt":"2019-04-03T08:24:18","guid":{"rendered":"https:\/\/taichi-inpact.fr\/?page_id=237"},"modified":"2019-04-03T13:31:34","modified_gmt":"2019-04-03T11:31:34","slug":"tui-shou","status":"publish","type":"page","link":"https:\/\/taichi-inpact.fr\/index.php\/les-activites\/tui-shou\/","title":{"rendered":"Tui Shou"},"content":{"rendered":"<h3 id=\"kes\">De quoi s&rsquo;agit-il ?<\/h3>\n<p>Dans les exercices \u00e0 deux, l&rsquo;Art se p\u00e9n\u00e8tre de r\u00e9alisme : le Tui Shou !<\/p>\n<figure id=\"attachment_238\" aria-describedby=\"caption-attachment-238\" style=\"width: 200px\" class=\"wp-caption alignleft\"><img loading=\"lazy\" decoding=\"async\" class=\"size-full wp-image-238\" src=\"https:\/\/taichi-inpact.fr\/wp-content\/uploads\/2019\/04\/tuishoucb1.jpg\" alt=\"Tui Shou endiabl\u00e9 entre Monsieur Pan et Christian Bernapel \u00e0 la sortie d'une bonne table (festival 1995)\" width=\"200\" height=\"133\" \/><figcaption id=\"caption-attachment-238\" class=\"wp-caption-text\">Tui Shou endiabl\u00e9 entre Monsieur Pan et Christian Bernapel \u00e0 la sortie d&rsquo;une bonne table (festival 1995)<\/figcaption><\/figure>\n<p>Ouverture, ouverture de soi vers l&rsquo;autre et travaux pratiques, les exercices \u00e0 2 sont le compl\u00e9ment indissociable des exercices de base et de l&rsquo;encha\u00eenement. Ils permettent de mieux comprendre et d&rsquo;appliquer les mouvements de la forme dans leur signifiant. Introduction concr\u00e8te \u00e0 l&rsquo;Art dit Martial, ils ne sont cependant qu&rsquo;un moyen et non une fin.<\/p>\n<p>Sous forme d&rsquo;un travail codifi\u00e9, semi-libre ou libre, ils permettent d&rsquo;appr\u00e9hender\u00a0<em>les 8 \u00e9nergies et les 5 directions<\/em>, de d\u00e9velopper l&rsquo;intelligence du toucher et l&rsquo;appr\u00e9ciation de la distance, de comprendre les notions antagonistes et compl\u00e9mentaires de force et d&rsquo;esquive, de plein et de vide, d&rsquo;inspir et d&rsquo;expir symbolis\u00e9s par les concepts de Yin et de Yang, de coordonner et de fusionner le Qi (le souffle) et le Yi (la pens\u00e9e cr\u00e9atrice).<br \/>\nL&rsquo;apprentissage n\u00e9cessite au pr\u00e9alable l&rsquo;acquisition d&rsquo;une solide assise (enracinement), d&rsquo;une bonne coordination et la connaissance intuitive des 8 \u00e9nergies et des 5 directions, d\u00e9velopp\u00e9s par la pratique des exercices de base et de l&rsquo;encha\u00eenement.<\/p>\n<h3>La pratique<\/h3>\n<figure id=\"attachment_241\" aria-describedby=\"caption-attachment-241\" style=\"width: 130px\" class=\"wp-caption alignleft\"><img loading=\"lazy\" decoding=\"async\" class=\"size-full wp-image-241\" src=\"https:\/\/taichi-inpact.fr\/wp-content\/uploads\/2019\/04\/tuishousolo1.jpg\" alt=\"Wang Yen-Nien marque un panier magnifique !\" width=\"130\" height=\"191\" \/><figcaption id=\"caption-attachment-241\" class=\"wp-caption-text\">Wang Yen-Nien marque un panier magnifique !<\/figcaption><\/figure>\n<p>Le TUI SHOU (\u00ab\u00a0mains collantes\u00a0\u00bb ou \u00ab\u00a0pouss\u00e9e des mains\u00a0\u00bb) se d\u00e9compose en trois parties :<\/p>\n<p>Compl\u00e9ment des exercices d&rsquo;enracinement, ils favorisent la mise en circulation coordonn\u00e9e des souffles ou \u00e9nergies (Qi).<\/p>\n<p><span class=\"rouge\">Exercices codifi\u00e9s pratiqu\u00e9s \u00e0 deux<\/span><\/p>\n<p>Leur principe est une adh\u00e9rence subtile des mains et\/ou des avant-bras sans r\u00e9sistance ni perte de contact. Les pieds sont fixes ou mobiles et seuls \u00e9voluent la taille, les bras et les mains. Il s&rsquo;agit de suivre le partenaire comme \u00a0\u00bb l&rsquo;ombre qui suit l&rsquo;objet \u00a0\u00bb par alternance circulaire de d\u00e9fenses et d&rsquo;attaques.<\/p>\n<figure id=\"attachment_242\" aria-describedby=\"caption-attachment-242\" style=\"width: 130px\" class=\"wp-caption alignright\"><img loading=\"lazy\" decoding=\"async\" class=\"size-full wp-image-242\" src=\"https:\/\/taichi-inpact.fr\/wp-content\/uploads\/2019\/04\/tuishouMW2.jpg\" alt=\"Luc Defago et Ma\u00eetre Wang Yen-Nien\" width=\"130\" height=\"202\" \/><figcaption id=\"caption-attachment-242\" class=\"wp-caption-text\">Luc Defago et Ma\u00eetre Wang Yen-Nien<\/figcaption><\/figure>\n<p>Ces exercices, codifi\u00e9s et r\u00e9p\u00e9titifs, d\u00e9veloppent le sens de la distance et du toucher, la relaxation du corps et la notion d&rsquo;adh\u00e9rence. Ils allient la r\u00e9alit\u00e9 du mouvement \u00e0 l&rsquo;intention (Yi) qui y est projet\u00e9e.<\/p>\n<p><span class=\"rouge\">Exercices libres pratiqu\u00e9s \u00e0 deux<\/span><\/p>\n<p>A pieds fixes (Ding Bu Tui Shou) : Les pieds \u00e9tant fixes, l&rsquo;objet du travail est de mettre en d\u00e9faut l&rsquo;\u00e9quilibre du partenaire, l&rsquo;ensemble des mouvements utilis\u00e9s \u00e9tant parfaitement libre. Il s&rsquo;agit d&rsquo;anticiper le mouvement du partenaire avant qu&rsquo;il ne s&rsquo;exprime et d&rsquo;utiliser l&rsquo;\u00e9nergie qu&rsquo;il \u00e9met pour la retourner contre lui gr\u00e2ce \u00e0 l&rsquo;utilisation de la notion de \u00ab\u00a0vide\u00a0\u00bb \u00e0 la place de la force (Li). C&rsquo;est l&rsquo;application id\u00e9ale et concr\u00e8te des concepts de Yin et de Yang.<\/p>\n<p>En d\u00e9placement (Huo Bu Tui Shou) : Les principes sont identiques \u00e0 l&rsquo;exercice pr\u00e9c\u00e9dent, \u00e0 la diff\u00e9rence du d\u00e9placement des pieds qui sont en harmonie (\u00ab\u00a0\u00e0 l&rsquo;\u00e9coute\u00a0\u00bb) des pas du partenaire.<\/p>\n<h3 id=\"vite\">Plus vite&#8230;<\/h3>\n<p>Le SAN SHOU : la \u00ab\u00a0dispersion des mains\u00a0\u00bb<\/p>\n<p>C&rsquo;est l&rsquo;application martiale \u00e0 vitesse r\u00e9elle des mouvements de l&rsquo;encha\u00eenement par l&rsquo;utilisation des principes d\u00e9crits dans les exercices pr\u00e9c\u00e9dents : souplesse, esquive, absorption. Cet exercice est r\u00e9serv\u00e9 aux pratiquants confirm\u00e9s d\u00e9sirant approfondir l&rsquo;Art Martial.<\/p>\n<p>Envie de prendre des <a href=\"https:\/\/taichi-inpact.fr\/index.php\/cours\/\">cours de tai chi<\/a>\u00a0? <a href=\"https:\/\/taichi-inpact.fr\/index.php\/contact\/\">Rejoignez-nous<\/a> !<\/p>\n","protected":false},"excerpt":{"rendered":"<p>De quoi s&rsquo;agit-il ? Dans les exercices \u00e0 deux, l&rsquo;Art se p\u00e9n\u00e8tre de r\u00e9alisme : le Tui Shou ! Ouverture, ouverture de soi vers l&rsquo;autre et travaux pratiques, les exercices \u00e0 2 sont le compl\u00e9ment indissociable des exercices de base et de l&rsquo;encha\u00eenement. Ils permettent de mieux comprendre et d&rsquo;appliquer les mouvements de la forme &hellip; <a href=\"https:\/\/taichi-inpact.fr\/index.php\/les-activites\/tui-shou\/\" class=\"more-link\">Continuer la lecture de <span class=\"screen-reader-text\">Tui Shou<\/span><\/a><\/p>\n","protected":false},"author":1,"featured_media":0,"parent":44,"menu_order":0,"comment_status":"closed","ping_status":"closed","template":"","meta":{"_seopress_robots_primary_cat":"","_seopress_titles_title":"","_seopress_titles_desc":"","_seopress_robots_index":"","_exactmetrics_skip_tracking":false,"_exactmetrics_sitenote_active":false,"_exactmetrics_sitenote_note":"","_exactmetrics_sitenote_category":0,"ngg_post_thumbnail":0,"footnotes":""},"class_list":["post-237","page","type-page","status-publish","hentry"],"_links":{"self":[{"href":"https:\/\/taichi-inpact.fr\/index.php\/wp-json\/wp\/v2\/pages\/237","targetHints":{"allow":["GET"]}}],"collection":[{"href":"https:\/\/taichi-inpact.fr\/index.php\/wp-json\/wp\/v2\/pages"}],"about":[{"href":"https:\/\/taichi-inpact.fr\/index.php\/wp-json\/wp\/v2\/types\/page"}],"author":[{"embeddable":true,"href":"https:\/\/taichi-inpact.fr\/index.php\/wp-json\/wp\/v2\/users\/1"}],"replies":[{"embeddable":true,"href":"https:\/\/taichi-inpact.fr\/index.php\/wp-json\/wp\/v2\/comments?post=237"}],"version-history":[{"count":4,"href":"https:\/\/taichi-inpact.fr\/index.php\/wp-json\/wp\/v2\/pages\/237\/revisions"}],"predecessor-version":[{"id":269,"href":"https:\/\/taichi-inpact.fr\/index.php\/wp-json\/wp\/v2\/pages\/237\/revisions\/269"}],"up":[{"embeddable":true,"href":"https:\/\/taichi-inpact.fr\/index.php\/wp-json\/wp\/v2\/pages\/44"}],"wp:attachment":[{"href":"https:\/\/taichi-inpact.fr\/index.php\/wp-json\/wp\/v2\/media?parent=237"}],"curies":[{"name":"wp","href":"https:\/\/api.w.org\/{rel}","templated":true}]}}