{"id":213,"date":"2019-04-03T09:55:00","date_gmt":"2019-04-03T07:55:00","guid":{"rendered":"https:\/\/taichi-inpact.fr\/?page_id=213"},"modified":"2019-04-03T13:26:08","modified_gmt":"2019-04-03T11:26:08","slug":"les-3-duans","status":"publish","type":"page","link":"https:\/\/taichi-inpact.fr\/index.php\/les-activites\/les-3-duans\/","title":{"rendered":"Les 3 duans"},"content":{"rendered":"<h3 id=\"forme\">Qu&rsquo;est-ce que la forme ?<\/h3>\n<p>Longue et lente succession de mouvements codifi\u00e9s avec pr\u00e9cision l&rsquo;encha\u00eenement ou la\u00a0<em>forme<\/em>, sp\u00e9cifique \u00e0 chaque \u00e9cole (Chen, Wu, Yang nouveau et ancien style, &#8230;) se divise g\u00e9n\u00e9ralement en 3 s\u00e9quences ou Duan se succ\u00e9dant et pr\u00e9figurant le ternaire : Terre, Homme, Ciel.<\/p>\n<figure id=\"attachment_214\" aria-describedby=\"caption-attachment-214\" style=\"width: 1936px\" class=\"wp-caption alignnone\"><img loading=\"lazy\" decoding=\"async\" class=\"wp-image-214 size-full\" src=\"https:\/\/taichi-inpact.fr\/wp-content\/uploads\/2019\/04\/Capture-d\u2019e\u0301cran-2019-04-03-a\u0300-09.52.49.png\" alt=\"&quot;Porter le tigre sur la montagne&quot; (illustrations de Patrick Vaidie)\" width=\"1936\" height=\"294\" srcset=\"https:\/\/taichi-inpact.fr\/wp-content\/uploads\/2019\/04\/Capture-d\u2019e\u0301cran-2019-04-03-a\u0300-09.52.49.png 1936w, https:\/\/taichi-inpact.fr\/wp-content\/uploads\/2019\/04\/Capture-d\u2019e\u0301cran-2019-04-03-a\u0300-09.52.49-300x46.png 300w, https:\/\/taichi-inpact.fr\/wp-content\/uploads\/2019\/04\/Capture-d\u2019e\u0301cran-2019-04-03-a\u0300-09.52.49-768x117.png 768w, https:\/\/taichi-inpact.fr\/wp-content\/uploads\/2019\/04\/Capture-d\u2019e\u0301cran-2019-04-03-a\u0300-09.52.49-1024x156.png 1024w\" sizes=\"auto, (max-width: 1936px) 100vw, 1936px\" \/><figcaption id=\"caption-attachment-214\" class=\"wp-caption-text\">\u00ab\u00a0Porter le tigre sur la montagne\u00a0\u00bb (illustrations de Patrick Vaidie)<\/figcaption><\/figure>\n<p>Sa pratique r\u00e9guli\u00e8re d\u00e9veloppe : souplesse, puissance, coordination, harmonie, attention, conscience et qui\u00e9tude. Les s\u00e9quences se d\u00e9roulent comme \u00a0\u00bb un long fleuve qui coule paisible et puissant \u00ab\u00a0. Elles s&rsquo;encha\u00eenent comme \u00a0\u00bb le fil de soie tir\u00e9 d&rsquo;un cocon \u00a0\u00bb : sans heurt ni interruption, rythm\u00e9es par la respiration, la fin d&rsquo;un mouvement g\u00e9n\u00e9rant le suivant. L&rsquo;encha\u00eenement transmis \u00e0 l&rsquo;INPACT est celui de la Vieille Forme de l&rsquo;\u00e9cole Yang, transmise par Ma\u00eetre WANG Yen-Nien qui en est le doyen (YANGJIA MICHUAN TAIJI QUAN). Il se compose de 3 Duan ou parties :<\/p>\n<ul>\n<li>1er Duan : compos\u00e9 de 35 s\u00e9quences, dur\u00e9e : 7 \u00e0 8 mn (un an d&rsquo;apprentissage environ).<\/li>\n<li>2\u00e8me Duan : compos\u00e9 de 71 s\u00e9quences, dur\u00e9e : 15 \u00e0 20 mn (un \u00e0 deux ans d&rsquo;apprentissage environ).<\/li>\n<li>3\u00e8me Duan : compos\u00e9 de 112 s\u00e9quences, dur\u00e9e : 30 \u00e0 35 mn (un \u00e0 deux ans d&rsquo;apprentissage environ).<\/li>\n<\/ul>\n<p><img loading=\"lazy\" decoding=\"async\" class=\"alignleft wp-image-216 size-full\" src=\"https:\/\/taichi-inpact.fr\/wp-content\/uploads\/2019\/04\/mwforme1.jpg\" alt=\"\" width=\"250\" height=\"172\" \/>La totalit\u00e9 de la forme n\u00e9cessite donc entre 3 et 5 ann\u00e9es d&rsquo;\u00e9tude pour la m\u00e9morisation des s\u00e9quences et l&rsquo;assimilation d&rsquo;une bonne coordination.<\/p>\n<p>Il existe, par ailleurs, un encha\u00eenement d&rsquo;une dizaine de minutes qui synth\u00e9tise l&rsquo;essence du Taiji Quan. Il est appel\u00e9 : l&rsquo;encha\u00eenement des 13 postures (Shi San Shi).<\/p>\n<h3 id=\"chris\">Quand Christian nous dit&#8230;<\/h3>\n<p>\u00c0 travers les histoires qui nous sont personnelles : aventures, d\u00e9couvertes, rencontres, joies et \u00e9preuves, notre \u00eatre profond est toujours pr\u00e9sent et nous offre la chance d&rsquo;\u00e9voluer.<\/p>\n<p>C&rsquo;est dans le quotidien, que peut s&rsquo;inscrire la pratique du taiji quan: la recherche jamais aboutie de la forme. La qu\u00e8te du geste juste alimente l&rsquo;\u00e9volution de notre \u00eatre. A travers la juste utilisation de notre corps na\u00eet la transformation de l&rsquo;esprit. A l&rsquo;inverse, l&rsquo;esprit \u00e9pur\u00e9 permet, par sa force intrins\u00e8que et gr\u00e2ce \u00e0 l&rsquo;intention, de peaufiner le geste, et la prise de conscience de la verticalit\u00e9 \u00e0 partir de l&rsquo;horizontalit\u00e9 des plans que sont le sol et le regard.<\/p>\n<p>Les forces de gravit\u00e9 peuvent alors jouer leur r\u00f4le de transformation \u00e0 travers le travail fournit pour la vaincre. De l&rsquo;union des forces descendantes et montantes \u00e0 travers les spirales physiques, physiologiques et \u00e9nerg\u00e9tiques concr\u00e9tis\u00e9es dans nos cellules et notre corps physique nait alors une alchimie de purification qui nous ouvre l&rsquo;acc\u00e8s \u00e0 de nouveaux plans de perceptions.<\/p>\n<p><img loading=\"lazy\" decoding=\"async\" class=\"alignleft wp-image-228 size-full\" src=\"https:\/\/taichi-inpact.fr\/wp-content\/uploads\/2019\/04\/forme1.jpg\" alt=\"\" width=\"250\" height=\"163\" \/>Puis, intervient le mouvement: d\u00e9rouler une forme immuablement identique peut para\u00eetre ennuyeux. La r\u00e9p\u00e9tition est source de cr\u00e9ativit\u00e9.<\/p>\n<p>D\u00e9rouler la forme, est comme une purification du corps. L&rsquo;ensemencementr d&rsquo;un renouveau au coeur de chacune de nos cellules. D\u00e9rouler la forme, c&rsquo;est \u00e0 la fois se laisser guider, conduire avec attention chaque espace de temps et le savourer en unit\u00e9. Ce n&rsquo;est pas la dissolution de l&rsquo;\u00eatre dans l&rsquo;infini mais la prise de conscience de cette pl\u00e9nitude dans sa chair, son souffle, son esprit et sa r\u00e9alisation en tant qu&rsquo;\u00eatre humain et social.<\/p>\n<p>Ce qui importe dans le processus de r\u00e9p\u00e9tition de la forme, ce n&rsquo;est pas la succession de mouvements, mais la transformation de l&rsquo;\u00e9nergie d&rsquo;un mouvement dans le suivant. Comprendre le champ d&rsquo;\u00e9nergie qui sous tend une forme et non la forme proprement dite permettra le d\u00e9veloppement d&rsquo;une grande libert\u00e9 corporelle.<\/p>\n<p>La forme est une encyclop\u00e9die de techniques, un patrimoine qui se transmet \u00e0 travers les g\u00e9n\u00e9rations. C&rsquo;est un guide dont la r\u00e9p\u00e9tition, comme une pri\u00e8re, d\u00e9veloppe la prise de conscience profonde de la fluidit\u00e9, de la continuit\u00e9, du d\u00e9roulement d&rsquo;un cycle r\u00e9g\u00e9n\u00e9rateur et cr\u00e9ateur. Cette r\u00e9p\u00e9tition permet l&rsquo;expression du juste et ainsi nous pr\u00e9pare \u00e0 plus de conscience. A travers la r\u00e9p\u00e9tition consciente de la forme, chaque fois au plus juste, nous devenons l&rsquo;architecte de notre propre construction.<\/p>\n<h3>R\u00e9flexions sur la notion de transfert<\/h3>\n<p>Le transfert d&rsquo;une position \u00e0 une autre est certainement la phase la plus difficile dans la pratique de la forme. La r\u00e9aliser de fa\u00e7on juste, c&rsquo;est pr\u00e9parer la fa\u00e7on d&rsquo;on l&rsquo;on passe d&rsquo;une situation \u00e0 une autre.<\/p>\n<p>Il ne suffit pas que la posture soit juste et forte, encore faut il pouvoir passer d&rsquo;une position \u00e0 une autre avec \u00e9quilibre et agilit\u00e9, sans perdre \u00e9quilibre et enracinement. La mise en conscience de ce \u00ab\u00a0vide\u00a0\u00bb entre deux mouvements est l&rsquo;un des axes essentiels de recherche.<\/p>\n<p>Le transfert se fait toujours en deux \u00e9tapes :<\/p>\n<p>La premi\u00e8re est la recherche du pilier et de sa relation avec la terre. Le positionnement sur le pilier de rotation ou de transfert ou de rebond est essentielle car c&rsquo;est dans cette phase que s&rsquo;op\u00e8re l&rsquo;absorption de la pouss\u00e9e (ou la prise d&rsquo;impulsion dans l&rsquo;attaque) et sa transformation en l&rsquo;annulant dans le sol.<\/p>\n<p>Ainsi il est dit : \u00ab\u00a0Il faut planter la hampe du drapeau, pour que le drapeau puisse flotter dans le vent\u00a0\u00bb. La signification de cette petite phrase est claire : pour faire flotter le drapeau dans le vent, sans qu&rsquo;il s&rsquo;envole, il est important d&rsquo;en planter solidement (c&rsquo;est l&rsquo;enracinement) et verticalement (c&rsquo;est la posture juste) la hampe dans le sol.<\/p>\n<figure id=\"attachment_230\" aria-describedby=\"caption-attachment-230\" style=\"width: 250px\" class=\"wp-caption alignright\"><img loading=\"lazy\" decoding=\"async\" class=\"size-full wp-image-230\" src=\"https:\/\/taichi-inpact.fr\/wp-content\/uploads\/2019\/04\/transf.jpg\" alt=\"Premier festival du Yangjia Michuan - Strasbourg (1995)\" width=\"250\" height=\"159\" \/><figcaption id=\"caption-attachment-230\" class=\"wp-caption-text\">Premier festival du Yangjia Michuan &#8211; Strasbourg (1995)<\/figcaption><\/figure>\n<p>Nous retrouvons ce principe dans la pratique: le vent repr\u00e9sente la pouss\u00e9e, la hampe est notre axe, souvent la jambe arri\u00e8re, mais aussi la jambe avant en cas d&rsquo;expression, qui se plante dans le sol par l&rsquo;interm\u00e9diaire du talon (\u00e0 l&rsquo;aplomb des mall\u00e9oles des chevilles).<\/p>\n<p>La stabilit\u00e9 au sol est essentielle ainsi que la r\u00e9partition de notre polygone de sustentation repr\u00e9sent\u00e9 par la position de nos pieds au sol ainsi que l&rsquo;axe de notre corps. La r\u00e9partition du poids du corps entre l&rsquo;avant et l&rsquo;arri\u00e8re, le jeu des vo\u00fbtes plantaires est essentielle dans notre stabilit\u00e9. Mais ceci fait partie d&rsquo;une autre \u00e9tude.<\/p>\n<p>L&rsquo;on s&rsquo;imagine souvent que notre lien au sol est descendant. La dynamique du d\u00e9placement est un jeu de pressions altern\u00e9es de nos pieds vers le sol, ce qui engendre des forces montantes, parfois simultan\u00e9es qui, se rencontrant au p\u00e9rin\u00e9e sont dynamis\u00e9es par le sacrum et le m\u00e9canisme cranio sacr\u00e9 vers le haut du corps et les bras.<\/p>\n<p>Le d\u00e9roulement de la forme est une alternance de mouvements spiral\u00e9s descendants et montants: flexion\/extension de la jambe arri\u00e8re au sol qui induisent les rotations de la taille et de tout l&rsquo;\u00e9difice corporel.<\/p>\n<p>Envie de prendre <a href=\"https:\/\/taichi-inpact.fr\/index.php\/cours\/\">cours de tai chi<\/a> ? Rejoignez-nous !<\/p>\n","protected":false},"excerpt":{"rendered":"<p>Qu&rsquo;est-ce que la forme ? Longue et lente succession de mouvements codifi\u00e9s avec pr\u00e9cision l&rsquo;encha\u00eenement ou la\u00a0forme, sp\u00e9cifique \u00e0 chaque \u00e9cole (Chen, Wu, Yang nouveau et ancien style, &#8230;) se divise g\u00e9n\u00e9ralement en 3 s\u00e9quences ou Duan se succ\u00e9dant et pr\u00e9figurant le ternaire : Terre, Homme, Ciel. Sa pratique r\u00e9guli\u00e8re d\u00e9veloppe : souplesse, puissance, coordination, &hellip; <a href=\"https:\/\/taichi-inpact.fr\/index.php\/les-activites\/les-3-duans\/\" class=\"more-link\">Continuer la lecture de <span class=\"screen-reader-text\">Les 3 duans<\/span><\/a><\/p>\n","protected":false},"author":1,"featured_media":0,"parent":44,"menu_order":0,"comment_status":"closed","ping_status":"closed","template":"","meta":{"_seopress_robots_primary_cat":"","_seopress_titles_title":"","_seopress_titles_desc":"","_seopress_robots_index":"","_exactmetrics_skip_tracking":false,"_exactmetrics_sitenote_active":false,"_exactmetrics_sitenote_note":"","_exactmetrics_sitenote_category":0,"ngg_post_thumbnail":0,"footnotes":""},"class_list":["post-213","page","type-page","status-publish","hentry"],"_links":{"self":[{"href":"https:\/\/taichi-inpact.fr\/index.php\/wp-json\/wp\/v2\/pages\/213","targetHints":{"allow":["GET"]}}],"collection":[{"href":"https:\/\/taichi-inpact.fr\/index.php\/wp-json\/wp\/v2\/pages"}],"about":[{"href":"https:\/\/taichi-inpact.fr\/index.php\/wp-json\/wp\/v2\/types\/page"}],"author":[{"embeddable":true,"href":"https:\/\/taichi-inpact.fr\/index.php\/wp-json\/wp\/v2\/users\/1"}],"replies":[{"embeddable":true,"href":"https:\/\/taichi-inpact.fr\/index.php\/wp-json\/wp\/v2\/comments?post=213"}],"version-history":[{"count":9,"href":"https:\/\/taichi-inpact.fr\/index.php\/wp-json\/wp\/v2\/pages\/213\/revisions"}],"predecessor-version":[{"id":261,"href":"https:\/\/taichi-inpact.fr\/index.php\/wp-json\/wp\/v2\/pages\/213\/revisions\/261"}],"up":[{"embeddable":true,"href":"https:\/\/taichi-inpact.fr\/index.php\/wp-json\/wp\/v2\/pages\/44"}],"wp:attachment":[{"href":"https:\/\/taichi-inpact.fr\/index.php\/wp-json\/wp\/v2\/media?parent=213"}],"curies":[{"name":"wp","href":"https:\/\/api.w.org\/{rel}","templated":true}]}}