{"id":186,"date":"2019-03-29T10:21:53","date_gmt":"2019-03-29T09:21:53","guid":{"rendered":"https:\/\/taichi-inpact.fr\/?page_id=186"},"modified":"2019-04-03T13:34:42","modified_gmt":"2019-04-03T11:34:42","slug":"videos-tai-chi","status":"publish","type":"page","link":"https:\/\/taichi-inpact.fr\/index.php\/videos-tai-chi\/","title":{"rendered":"Vid\u00e9os de l&rsquo;Inpact"},"content":{"rendered":"\r\n<figure><iframe loading=\"lazy\" src=\"https:\/\/www.youtube.com\/embed\/dSmXe6IFR1I\" width=\"560\" height=\"315\" allowfullscreen=\"allowfullscreen\"><\/iframe><\/figure>\r\n<p>Video d&rsquo;une d\u00e9monstration tourn\u00e9e \u00e0 Taiwan<br \/><br \/>Envie de prendre des <a href=\"https:\/\/taichi-inpact.fr\/index.php\/cours\/\">cours de tai chi<\/a>\u00a0? <a href=\"https:\/\/taichi-inpact.fr\/index.php\/contact\/\">Rejoignez-nous<\/a> !<\/p>\r\n","protected":false},"excerpt":{"rendered":"<p>Video d&rsquo;une d\u00e9monstration tourn\u00e9e \u00e0 Taiwan Envie de prendre des cours de tai chi\u00a0? Rejoignez-nous !<\/p>\n","protected":false},"author":1,"featured_media":0,"parent":0,"menu_order":3,"comment_status":"closed","ping_status":"closed","template":"","meta":{"_seopress_robots_primary_cat":"","_seopress_titles_title":"","_seopress_titles_desc":"","_seopress_robots_index":"","_exactmetrics_skip_tracking":false,"_exactmetrics_sitenote_active":false,"_exactmetrics_sitenote_note":"","_exactmetrics_sitenote_category":0,"ngg_post_thumbnail":0,"footnotes":""},"class_list":["post-186","page","type-page","status-publish","hentry"],"_links":{"self":[{"href":"https:\/\/taichi-inpact.fr\/index.php\/wp-json\/wp\/v2\/pages\/186","targetHints":{"allow":["GET"]}}],"collection":[{"href":"https:\/\/taichi-inpact.fr\/index.php\/wp-json\/wp\/v2\/pages"}],"about":[{"href":"https:\/\/taichi-inpact.fr\/index.php\/wp-json\/wp\/v2\/types\/page"}],"author":[{"embeddable":true,"href":"https:\/\/taichi-inpact.fr\/index.php\/wp-json\/wp\/v2\/users\/1"}],"replies":[{"embeddable":true,"href":"https:\/\/taichi-inpact.fr\/index.php\/wp-json\/wp\/v2\/comments?post=186"}],"version-history":[{"count":7,"href":"https:\/\/taichi-inpact.fr\/index.php\/wp-json\/wp\/v2\/pages\/186\/revisions"}],"predecessor-version":[{"id":274,"href":"https:\/\/taichi-inpact.fr\/index.php\/wp-json\/wp\/v2\/pages\/186\/revisions\/274"}],"wp:attachment":[{"href":"https:\/\/taichi-inpact.fr\/index.php\/wp-json\/wp\/v2\/media?parent=186"}],"curies":[{"name":"wp","href":"https:\/\/api.w.org\/{rel}","templated":true}]}}