{"id":169,"date":"2019-03-25T10:34:55","date_gmt":"2019-03-25T09:34:55","guid":{"rendered":"https:\/\/taichi-inpact.fr\/?page_id=169"},"modified":"2024-09-07T19:07:56","modified_gmt":"2024-09-07T17:07:56","slug":"cours","status":"publish","type":"page","link":"https:\/\/taichi-inpact.fr\/index.php\/cours\/","title":{"rendered":"Cours de Tai Chi Strasbourg &#8211; Ernolsheim Bruche"},"content":{"rendered":"\n<h2 class=\"wp-block-heading\"><span style=\"color: #0000ff;\">Horaires des cours et des ateliers&nbsp;<\/span><\/h2>\r\n<h4><span style=\"color: #800080;\"><strong>Tai chi chuan (<\/strong><strong>Taiji quan), Qigong<\/strong><\/span><br><span style=\"color: #800080;\"><strong>Neigong, Tui shou, \u00c9p\u00e9e, \u00c9ventail<\/strong><\/span><\/h4>\n\n\n\n<h3 class=\"wp-block-heading\"><span style=\"color: #0000ff;\">TAI CHI \u00e0 ERNOLSHEIM SUR BRUCHE<\/span><\/h3>\n\n\n\n<p><strong><a href=\"https:\/\/taichi-inpact.fr\/wp-content\/uploads\/2024\/09\/Presentation-ATB-24-25.pdf\">ATB renseigneme<\/a>nts<\/strong><\/p>\n\n\n<p><strong>LUNDI<\/strong><br \/><strong>18:30 &#8211; 19:00 <a href=\"http:\/\/inpact-taiji.com\/evolution\/publicEventail.php\">\u00c9ventail<\/a> <\/strong>(d\u00e9butants et moyens)<br \/><strong>19:00 &#8211; 20:30 <a href=\"http:\/\/inpact-taiji.com\/evolution\/publicTaijiQuan.php\">Taichi chuan<\/a><\/strong> (tous niveaux)<\/p>\n<h3><span style=\"color: #0000ff;\">TAI CHI \u00e0 STRASBOURG&nbsp;&nbsp;<\/span><\/h3>\n<p><!-- \/wp:post-content --><\/p>\n<p><a href=\"https:\/\/taichi-inpact.fr\/wp-content\/uploads\/2024\/09\/flyer-INPACT-24-25.pdf\"><span style=\"color: #993300;\"><strong>INPACT renseignements <\/strong><\/span><\/a><\/p>\n<p><strong>MARDI<\/strong> <br \/><strong>18:00 &#8211; 18:45<\/strong> &nbsp;&nbsp;<strong> <a href=\"http:\/\/inpact-taiji.com\/evolution\/publicEpee.php\">\u00c9p\u00e9e de Taichi<\/a><\/strong> (Bases et forme)<br \/><strong>18:45 &#8211; 20:15&nbsp; &nbsp; <a href=\"http:\/\/inpact-taiji.com\/evolution\/publicTaijiQuan.php\">Taichi chuan<\/a><\/strong> (d\u00e9butants, moyens et avanc\u00e9s)<br \/><strong>20:15 &#8211; 21:30<\/strong>&nbsp; &nbsp; <strong>Ateliers de <\/strong><a href=\"http:\/\/inpact-taiji.com\/evolution\/publicNeiGong.php\"><strong>Nei Gon<\/strong>g<\/a>, <strong>Tui na<\/strong>, <strong><a href=\"http:\/\/inpact-taiji.com\/evolution\/publicTuiShou.php\">Tui Shou,<\/a><br \/><\/strong><strong>&nbsp; &nbsp; &nbsp; &nbsp; &nbsp; &nbsp; &nbsp; &nbsp; &nbsp; &nbsp; &nbsp; &nbsp; &nbsp; &nbsp;applications martiales<\/strong>&nbsp;selon programme<\/p>\n<p><strong>JEUDI<br \/>18:00 &#8211; 18:45<\/strong> &nbsp;&nbsp; <strong><a href=\"http:\/\/inpact-taiji.com\/evolution\/publicEventail.php\">\u00c9ventail<\/a><\/strong> (tous niveaux)<br \/><strong>18:45 &#8211; 20:15<\/strong> &nbsp;&nbsp; <strong><a href=\"http:\/\/inpact-taiji.com\/evolution\/publicTaijiQuan.php\">Taichi chuan<\/a><\/strong>&nbsp;(tous niveaux)<br \/><strong>20:15 &#8211; 21:30<\/strong>&nbsp; &nbsp; <strong>Ateliers avanc\u00e9s<\/strong> &#8211; 3\u00e8me duan, <a href=\"http:\/\/inpact-taiji.com\/evolution\/publicTuiShou.php\">Tui Shou<\/a><\/p>\n<p><strong>SAMEDI<br \/><\/strong>14:30 &#8211; 17:30&nbsp; &nbsp; <strong>Ateliers de perfectionnement<\/strong> <br \/>&nbsp; &nbsp; &nbsp; &nbsp; &nbsp; &nbsp; &nbsp; &nbsp; &nbsp; &nbsp; &nbsp; &nbsp; &nbsp; &nbsp;selon programme<\/p>\n<p><span style=\"color: #800080;\"><strong>Vous souhaitez suivre un cours d&rsquo;essai ?<\/strong> &nbsp;<\/span><a href=\"https:\/\/taichi-inpact.fr\/index.php\/contact\/\">Contactez-nous<\/a> !<\/p>\n<p><strong>Ernolsheim sur Bruche<\/strong> : est proche des communes de Molsheim, Dachstein, Ergersheim, Wolxheim, Duttlenheim, Duppigheim, Kolbsheim, Breuschwickersheim<\/p>\n<p><!-- \/wp:paragraph --><\/p>\n<p><!-- wp:paragraph --><\/p>\n<p>&nbsp;<\/p>\n<p><!-- \/wp:paragraph --><\/p>","protected":false},"excerpt":{"rendered":"<p>Horaires des cours et des ateliers&nbsp; Tai chi chuan (Taiji quan), QigongNeigong, Tui shou, \u00c9p\u00e9e, \u00c9ventail TAI CHI \u00e0 ERNOLSHEIM SUR BRUCHE ATB renseignements LUNDI18:30 &#8211; 19:00 \u00c9ventail (d\u00e9butants et moyens)19:00 &#8211; 20:30 Taichi chuan (tous niveaux) TAI CHI \u00e0 STRASBOURG&nbsp;&nbsp; INPACT renseignements MARDI 18:00 &#8211; 18:45 &nbsp;&nbsp; \u00c9p\u00e9e de Taichi (Bases et forme)18:45 &#8211; &hellip; <a href=\"https:\/\/taichi-inpact.fr\/index.php\/cours\/\" class=\"more-link\">Continuer la lecture de <span class=\"screen-reader-text\">Cours de Tai Chi Strasbourg &#8211; Ernolsheim Bruche<\/span><\/a><\/p>\n","protected":false},"author":1,"featured_media":0,"parent":0,"menu_order":0,"comment_status":"closed","ping_status":"closed","template":"","meta":{"_seopress_robots_primary_cat":"","_seopress_titles_title":"Ecole Tai Chi Chuan Traditionnel \u00e0 Strasbourg et Ernolsheim","_seopress_titles_desc":"Bienvenue \u00e0 l'\u00e9cole de Tai Chi Chuan traditionnel \"Inpact\" situ\u00e9e \u00e0 Strasbourg et \u00e0 Ernolsheim\/Bruche. partagez avec nous l'esprit du geste et gardez la sant\u00e9 entre vos mains.","_seopress_robots_index":"","_exactmetrics_skip_tracking":false,"_exactmetrics_sitenote_active":false,"_exactmetrics_sitenote_note":"","_exactmetrics_sitenote_category":0,"ngg_post_thumbnail":0,"footnotes":""},"class_list":["post-169","page","type-page","status-publish","hentry"],"_links":{"self":[{"href":"https:\/\/taichi-inpact.fr\/index.php\/wp-json\/wp\/v2\/pages\/169","targetHints":{"allow":["GET"]}}],"collection":[{"href":"https:\/\/taichi-inpact.fr\/index.php\/wp-json\/wp\/v2\/pages"}],"about":[{"href":"https:\/\/taichi-inpact.fr\/index.php\/wp-json\/wp\/v2\/types\/page"}],"author":[{"embeddable":true,"href":"https:\/\/taichi-inpact.fr\/index.php\/wp-json\/wp\/v2\/users\/1"}],"replies":[{"embeddable":true,"href":"https:\/\/taichi-inpact.fr\/index.php\/wp-json\/wp\/v2\/comments?post=169"}],"version-history":[{"count":37,"href":"https:\/\/taichi-inpact.fr\/index.php\/wp-json\/wp\/v2\/pages\/169\/revisions"}],"predecessor-version":[{"id":726,"href":"https:\/\/taichi-inpact.fr\/index.php\/wp-json\/wp\/v2\/pages\/169\/revisions\/726"}],"wp:attachment":[{"href":"https:\/\/taichi-inpact.fr\/index.php\/wp-json\/wp\/v2\/media?parent=169"}],"curies":[{"name":"wp","href":"https:\/\/api.w.org\/{rel}","templated":true}]}}